{"id":514,"date":"2021-06-22T14:28:54","date_gmt":"2021-06-22T12:28:54","guid":{"rendered":"https:\/\/montsetvalleesdemeuse.com\/?page_id=514"},"modified":"2022-07-03T13:57:46","modified_gmt":"2022-07-03T11:57:46","slug":"incontournables","status":"publish","type":"page","link":"https:\/\/montsetvalleesdemeuse.com\/en\/incontournables\/","title":{"rendered":"Les incontournables"},"content":{"rendered":"<p>[et_pb_section fb_built=\u00a0\u00bb1&Prime; fullwidth=\u00a0\u00bbon\u00a0\u00bb admin_label=\u00a0\u00bbHero Section\u00a0\u00bb _builder_version=\u00a0\u00bb4.16&Prime; background_enable_color=\u00a0\u00bboff\u00a0\u00bb custom_padding=\u00a0\u00bb0px|0px|0px|0px\u00a0\u00bb da_disable_devices=\u00a0\u00bboff|off|off\u00a0\u00bb global_colors_info=\u00a0\u00bb{}\u00a0\u00bb da_is_popup=\u00a0\u00bboff\u00a0\u00bb da_exit_intent=\u00a0\u00bboff\u00a0\u00bb da_has_close=\u00a0\u00bbon\u00a0\u00bb da_alt_close=\u00a0\u00bboff\u00a0\u00bb da_dark_close=\u00a0\u00bboff\u00a0\u00bb da_not_modal=\u00a0\u00bbon\u00a0\u00bb da_is_singular=\u00a0\u00bboff\u00a0\u00bb da_with_loader=\u00a0\u00bboff\u00a0\u00bb da_has_shadow=\u00a0\u00bbon\u00a0\u00bb][et_pb_fullwidth_header title=\u00a0\u00bbles incontournables\u00a0\u00bb button_one_url=\u00a0\u00bbhttps:\/\/www.youtube.com\/watch?v=HBJJ9lfk1qA&#038;t=16s\u00a0\u00bb background_overlay_color=\u00a0\u00bbRGBA(0,0,0,0)\u00a0\u00bb content_max_width=\u00a0\u00bb50%\u00a0\u00bb content_max_width_tablet=\u00a0\u00bb80%\u00a0\u00bb content_max_width_phone=\u00a0\u00bb100%\u00a0\u00bb content_max_width_last_edited=\u00a0\u00bbon|phone\u00a0\u00bb admin_label=\u00a0\u00bbHero\u00a0\u00bb _builder_version=\u00a0\u00bb4.16&Prime; content_font=\u00a0\u00bbPoppins||||||||\u00a0\u00bb content_text_align=\u00a0\u00bbleft\u00a0\u00bb content_font_size=\u00a0\u00bb16px\u00a0\u00bb use_background_color_gradient=\u00a0\u00bbon\u00a0\u00bb background_color_gradient_stops=\u00a0\u00bbrgba(10,0,0,0.3) 0%|rgba(10,0,0,0.3) 100%\u00a0\u00bb background_color_gradient_overlays_image=\u00a0\u00bbon\u00a0\u00bb background_color_gradient_start=\u00a0\u00bbrgba(10,0,0,0.3)\u00a0\u00bb background_color_gradient_end=\u00a0\u00bbrgba(10,0,0,0.3)\u00a0\u00bb background_image=\u00a0\u00bbhttps:\/\/montsetvalleesdemeuse.com\/wp-content\/uploads\/2021\/06\/incontournables-background.jpg\u00a0\u00bb module_alignment=\u00a0\u00bbcenter\u00a0\u00bb custom_margin=\u00a0\u00bb||||false|false\u00a0\u00bb custom_padding=\u00a0\u00bb||||false|false\u00a0\u00bb content_text_align_tablet=\u00a0\u00bbleft\u00a0\u00bb content_text_align_phone=\u00a0\u00bbjustify\u00a0\u00bb content_text_align_last_edited=\u00a0\u00bbon|phone\u00a0\u00bb button_one_text_color_hover=\u00a0\u00bb#ffffff\u00a0\u00bb button_one_border_color_hover=\u00a0\u00bb#ffffff\u00a0\u00bb button_one_border_radius_hover=\u00a0\u00bb0px\u00a0\u00bb button_one_letter_spacing_hover=\u00a0\u00bb4px\u00a0\u00bb button_one_bg_color_hover=\u00a0\u00bbrgba(0,0,0,0)\u00a0\u00bb global_colors_info=\u00a0\u00bb{}\u00a0\u00bb button_one_text_size__hover_enabled=\u00a0\u00bboff\u00a0\u00bb button_two_text_size__hover_enabled=\u00a0\u00bboff\u00a0\u00bb button_two_text_color__hover_enabled=\u00a0\u00bboff\u00a0\u00bb button_one_border_width__hover_enabled=\u00a0\u00bboff\u00a0\u00bb button_two_border_width__hover_enabled=\u00a0\u00bboff\u00a0\u00bb button_two_border_color__hover_enabled=\u00a0\u00bboff\u00a0\u00bb button_one_border_radius__hover_enabled=\u00a0\u00bboff\u00a0\u00bb button_one_border_radius__hover=\u00a0\u00bb0px\u00a0\u00bb button_two_border_radius__hover_enabled=\u00a0\u00bboff\u00a0\u00bb button_two_letter_spacing__hover_enabled=\u00a0\u00bboff\u00a0\u00bb button_two_bg_color__hover_enabled=\u00a0\u00bboff\u00a0\u00bb button_one_bg_enable_color__hover=\u00a0\u00bbon\u00a0\u00bb]<\/p>\n<p><span>On les appelle \u00ab Les incontournables \u00bb : ce sont les monuments, les lieux ou les activit\u00e9s \u00e0 absolument faire avant de partir !<br \/>Entre le Mus\u00e9e de la Bi\u00e8re, lieu embl\u00e9matique de Stenay, l\u2019\u00c9glise Notre-Dame de l\u2019Assomption \u00e0 Mont-Devant-Sassey, \u00e9difice religieux remarquable ou bien le parc de loisirs\u00a0 \u00ab\u00a0For\u00eat\u2019vasion\u00a0\u00bb, exp\u00e9rience unique en pleine for\u00eat, tout le monde y trouvera son compte !<\/span><\/p>\n<p>[\/et_pb_fullwidth_header][\/et_pb_section][et_pb_section fb_built=\u00a0\u00bb1&Prime; _builder_version=\u00a0\u00bb4.16&Prime; background_color=\u00a0\u00bb#FFFFFF\u00a0\u00bb background_enable_image=\u00a0\u00bboff\u00a0\u00bb background_size=\u00a0\u00bbinitial\u00a0\u00bb background_position=\u00a0\u00bbtop_center\u00a0\u00bb custom_padding=\u00a0\u00bb||||false|false\u00a0\u00bb da_disable_devices=\u00a0\u00bboff|off|off\u00a0\u00bb global_colors_info=\u00a0\u00bb{}\u00a0\u00bb da_is_popup=\u00a0\u00bboff\u00a0\u00bb da_exit_intent=\u00a0\u00bboff\u00a0\u00bb da_has_close=\u00a0\u00bbon\u00a0\u00bb da_alt_close=\u00a0\u00bboff\u00a0\u00bb da_dark_close=\u00a0\u00bboff\u00a0\u00bb da_not_modal=\u00a0\u00bbon\u00a0\u00bb da_is_singular=\u00a0\u00bboff\u00a0\u00bb da_with_loader=\u00a0\u00bboff\u00a0\u00bb da_has_shadow=\u00a0\u00bbon\u00a0\u00bb][et_pb_row use_custom_gutter=\u00a0\u00bbon\u00a0\u00bb gutter_width=\u00a0\u00bb2&Prime; _builder_version=\u00a0\u00bb4.16&Prime; _module_preset=\u00a0\u00bbdefault\u00a0\u00bb width=\u00a0\u00bb65%\u00a0\u00bb width_tablet=\u00a0\u00bb\u00a0\u00bb width_phone=\u00a0\u00bb80%\u00a0\u00bb width_last_edited=\u00a0\u00bbon|phone\u00a0\u00bb max_width=\u00a0\u00bb100%\u00a0\u00bb custom_margin=\u00a0\u00bb||||false|false\u00a0\u00bb custom_padding=\u00a0\u00bb||||false|false\u00a0\u00bb global_colors_info=\u00a0\u00bb{}\u00a0\u00bb][et_pb_column type=\u00a0\u00bb4_4&Prime; _builder_version=\u00a0\u00bb4.16&Prime; _module_preset=\u00a0\u00bbdefault\u00a0\u00bb global_colors_info=\u00a0\u00bb{}\u00a0\u00bb][et_pb_code _builder_version=\u00a0\u00bb4.17.4&Prime; _module_preset=\u00a0\u00bbdefault\u00a0\u00bb hover_enabled=\u00a0\u00bb0&Prime; global_colors_info=\u00a0\u00bb{}\u00a0\u00bb link_option_url=\u00a0\u00bbhttps:\/\/mont-devant-sassey.fr\/\u00a0\u00bb sticky_enabled=\u00a0\u00bb0&Prime;]<iframe loading=\"lazy\" src=\"https:\/\/www.sitlor.fr\/xml\/marquesblanches\/marquesBlanches.asp?id=2000709000008\" width=\"100%\" height=\"1200px\"frameborder=\"1\"><\/iframe> [\/et_pb_code][\/et_pb_column][\/et_pb_row][et_pb_row _builder_version=\u00a0\u00bb4.16&Prime; _module_preset=\u00a0\u00bbdefault\u00a0\u00bb global_colors_info=\u00a0\u00bb{}\u00a0\u00bb][et_pb_column type=\u00a0\u00bb4_4&Prime; _builder_version=\u00a0\u00bb4.16&Prime; _module_preset=\u00a0\u00bbdefault\u00a0\u00bb global_colors_info=\u00a0\u00bb{}\u00a0\u00bb][et_pb_button button_url=\u00a0\u00bb@ET-DC@eyJkeW5hbWljIjp0cnVlLCJjb250ZW50IjoicG9zdF9saW5rX3VybF9wYWdlIiwic2V0dGluZ3MiOnsicG9zdF9pZCI6Ijc1In19@\u00a0\u00bb button_text=\u00a0\u00bbd\u00e9couvrez toutes les activit\u00e9s sur notre territoire\u00a0\u00bb button_alignment=\u00a0\u00bbcenter\u00a0\u00bb admin_label=\u00a0\u00bbGallery Button\u00a0\u00bb _builder_version=\u00a0\u00bb4.16&Prime; _dynamic_attributes=\u00a0\u00bbbutton_url\u00a0\u00bb custom_button=\u00a0\u00bbon\u00a0\u00bb button_text_color=\u00a0\u00bb#137679&Prime; button_bg_color=\u00a0\u00bbRGBA(0,0,0,0)\u00a0\u00bb button_border_width=\u00a0\u00bb2px\u00a0\u00bb button_border_color=\u00a0\u00bb#137679&Prime; button_border_radius=\u00a0\u00bb4px\u00a0\u00bb button_letter_spacing=\u00a0\u00bb2px\u00a0\u00bb button_font=\u00a0\u00bbStrata|700||on|||||\u00a0\u00bb button_use_icon=\u00a0\u00bboff\u00a0\u00bb button_text_size_tablet=\u00a0\u00bb18px\u00a0\u00bb button_text_size_phone=\u00a0\u00bb16px\u00a0\u00bb button_text_size_last_edited=\u00a0\u00bbon|phone\u00a0\u00bb button_border_color_hover=\u00a0\u00bb#1a1a1a\u00a0\u00bb button_border_radius_hover=\u00a0\u00bb0px\u00a0\u00bb button_letter_spacing_hover=\u00a0\u00bb4px\u00a0\u00bb button_bg_color_hover=\u00a0\u00bbrgba(0,0,0,0)\u00a0\u00bb global_colors_info=\u00a0\u00bb{}\u00a0\u00bb button_text_size__hover_enabled=\u00a0\u00bboff\u00a0\u00bb button_one_text_size__hover_enabled=\u00a0\u00bboff\u00a0\u00bb button_two_text_size__hover_enabled=\u00a0\u00bboff\u00a0\u00bb button_text_color__hover_enabled=\u00a0\u00bbon|desktop\u00a0\u00bb button_one_text_color__hover_enabled=\u00a0\u00bboff\u00a0\u00bb button_two_text_color__hover_enabled=\u00a0\u00bboff\u00a0\u00bb button_border_width__hover_enabled=\u00a0\u00bboff\u00a0\u00bb button_one_border_width__hover_enabled=\u00a0\u00bboff\u00a0\u00bb button_two_border_width__hover_enabled=\u00a0\u00bboff\u00a0\u00bb button_border_color__hover_enabled=\u00a0\u00bbon|desktop\u00a0\u00bb button_border_color__hover=\u00a0\u00bb#137679&Prime; button_one_border_color__hover_enabled=\u00a0\u00bboff\u00a0\u00bb button_two_border_color__hover_enabled=\u00a0\u00bboff\u00a0\u00bb button_border_radius__hover_enabled=\u00a0\u00bboff|desktop\u00a0\u00bb button_border_radius__hover=\u00a0\u00bb0px\u00a0\u00bb button_one_border_radius__hover_enabled=\u00a0\u00bboff\u00a0\u00bb button_two_border_radius__hover_enabled=\u00a0\u00bboff\u00a0\u00bb button_letter_spacing__hover_enabled=\u00a0\u00bbon\u00a0\u00bb button_letter_spacing__hover=\u00a0\u00bb4px\u00a0\u00bb button_one_letter_spacing__hover_enabled=\u00a0\u00bboff\u00a0\u00bb button_two_letter_spacing__hover_enabled=\u00a0\u00bboff\u00a0\u00bb button_bg_color__hover_enabled=\u00a0\u00bbon|desktop\u00a0\u00bb button_bg_color__hover=\u00a0\u00bb#137679&Prime; button_one_bg_color__hover_enabled=\u00a0\u00bboff\u00a0\u00bb button_two_bg_color__hover_enabled=\u00a0\u00bboff\u00a0\u00bb button_bg_enable_color__hover=\u00a0\u00bbon\u00a0\u00bb button_text_color__hover=\u00a0\u00bb#FAFAFA\u00a0\u00bb][\/et_pb_button][\/et_pb_column][\/et_pb_row][\/et_pb_section]<\/p>\n","protected":false},"excerpt":{"rendered":"<p>On les appelle \u00ab Les incontournables \u00bb : ce sont les monuments, les lieux ou les activit\u00e9s \u00e0 absolument faire avant de partir !Entre le Mus\u00e9e de la Bi\u00e8re, lieu embl\u00e9matique de Stenay, l\u2019\u00c9glise Notre-Dame de l\u2019Assomption \u00e0 Mont-Devant-Sassey, \u00e9difice religieux remarquable ou bien le parc de loisirs\u00a0 \u00ab\u00a0For\u00eat\u2019vasion\u00a0\u00bb, exp\u00e9rience unique en pleine for\u00eat, tout [&hellip;]<\/p>\n","protected":false},"author":1,"featured_media":0,"parent":0,"menu_order":0,"comment_status":"closed","ping_status":"closed","template":"","meta":{"_et_pb_use_builder":"on","_et_pb_old_content":"","_et_gb_content_width":"","inline_featured_image":false,"footnotes":""},"class_list":["post-514","page","type-page","status-publish","hentry"],"yoast_head":"<!-- This site is optimized with the Yoast SEO plugin v27.4 - https:\/\/yoast.com\/product\/yoast-seo-wordpress\/ -->\n<title>Incontournables &#8212; Office de tourisme des Monts et Vall\u00e9es de Meuse<\/title>\n<meta name=\"description\" content=\"D\u00e9couvrez Dun-sur-Meuse et Stenay et ses sites incontournables : le mus\u00e9e de la bi\u00e8re et sa collection impressionnante, le Lac vert Plage,\" \/>\n<meta name=\"robots\" content=\"index, follow, max-snippet:-1, max-image-preview:large, max-video-preview:-1\" \/>\n<link rel=\"canonical\" href=\"https:\/\/montsetvalleesdemeuse.com\/en\/incontournables\/\" \/>\n<meta property=\"og:locale\" content=\"en_GB\" \/>\n<meta property=\"og:type\" content=\"article\" \/>\n<meta property=\"og:title\" content=\"Incontournables &#8212; Office de tourisme des Monts et Vall\u00e9es de Meuse\" \/>\n<meta property=\"og:description\" content=\"D\u00e9couvrez Dun-sur-Meuse et Stenay et ses sites incontournables : le mus\u00e9e de la bi\u00e8re et sa collection impressionnante, le Lac vert Plage,\" \/>\n<meta property=\"og:url\" content=\"https:\/\/montsetvalleesdemeuse.com\/en\/incontournables\/\" \/>\n<meta property=\"og:site_name\" content=\"Monts et Vall\u00e9es de Meuse\" \/>\n<meta property=\"article:publisher\" content=\"https:\/\/www.facebook.com\/stenayvaldunoistourisme\" \/>\n<meta property=\"article:modified_time\" content=\"2022-07-03T11:57:46+00:00\" \/>\n<meta name=\"twitter:card\" content=\"summary_large_image\" \/>\n<meta name=\"twitter:label1\" content=\"Estimated reading time\" \/>\n\t<meta name=\"twitter:data1\" content=\"2 minutes\" \/>\n<script type=\"application\/ld+json\" class=\"yoast-schema-graph\">{\"@context\":\"https:\\\/\\\/schema.org\",\"@graph\":[{\"@type\":\"WebPage\",\"@id\":\"https:\\\/\\\/montsetvalleesdemeuse.com\\\/incontournables\\\/\",\"url\":\"https:\\\/\\\/montsetvalleesdemeuse.com\\\/incontournables\\\/\",\"name\":\"Incontournables &#8212; Office de tourisme des Monts et Vall\u00e9es de Meuse\",\"isPartOf\":{\"@id\":\"https:\\\/\\\/montsetvalleesdemeuse.com\\\/#website\"},\"datePublished\":\"2021-06-22T12:28:54+00:00\",\"dateModified\":\"2022-07-03T11:57:46+00:00\",\"description\":\"D\u00e9couvrez Dun-sur-Meuse et Stenay et ses sites incontournables : le mus\u00e9e de la bi\u00e8re et sa collection impressionnante, le Lac vert Plage,\",\"breadcrumb\":{\"@id\":\"https:\\\/\\\/montsetvalleesdemeuse.com\\\/incontournables\\\/#breadcrumb\"},\"inLanguage\":\"en-GB\",\"potentialAction\":[{\"@type\":\"ReadAction\",\"target\":[\"https:\\\/\\\/montsetvalleesdemeuse.com\\\/incontournables\\\/\"]}]},{\"@type\":\"BreadcrumbList\",\"@id\":\"https:\\\/\\\/montsetvalleesdemeuse.com\\\/incontournables\\\/#breadcrumb\",\"itemListElement\":[{\"@type\":\"ListItem\",\"position\":1,\"name\":\"Accueil\",\"item\":\"https:\\\/\\\/montsetvalleesdemeuse.com\\\/\"},{\"@type\":\"ListItem\",\"position\":2,\"name\":\"Les incontournables\"}]},{\"@type\":\"WebSite\",\"@id\":\"https:\\\/\\\/montsetvalleesdemeuse.com\\\/#website\",\"url\":\"https:\\\/\\\/montsetvalleesdemeuse.com\\\/\",\"name\":\"Monts et Vall\u00e9es de Meuse\",\"description\":\"Authentique par nature\",\"publisher\":{\"@id\":\"https:\\\/\\\/montsetvalleesdemeuse.com\\\/#organization\"},\"potentialAction\":[{\"@type\":\"SearchAction\",\"target\":{\"@type\":\"EntryPoint\",\"urlTemplate\":\"https:\\\/\\\/montsetvalleesdemeuse.com\\\/?s={search_term_string}\"},\"query-input\":{\"@type\":\"PropertyValueSpecification\",\"valueRequired\":true,\"valueName\":\"search_term_string\"}}],\"inLanguage\":\"en-GB\"},{\"@type\":\"Organization\",\"@id\":\"https:\\\/\\\/montsetvalleesdemeuse.com\\\/#organization\",\"name\":\"Monts et Vall\u00e9es de Meuse\",\"url\":\"https:\\\/\\\/montsetvalleesdemeuse.com\\\/\",\"logo\":{\"@type\":\"ImageObject\",\"inLanguage\":\"en-GB\",\"@id\":\"https:\\\/\\\/montsetvalleesdemeuse.com\\\/#\\\/schema\\\/logo\\\/image\\\/\",\"url\":\"https:\\\/\\\/montsetvalleesdemeuse.com\\\/wp-content\\\/uploads\\\/2021\\\/06\\\/logo_header_2.png\",\"contentUrl\":\"https:\\\/\\\/montsetvalleesdemeuse.com\\\/wp-content\\\/uploads\\\/2021\\\/06\\\/logo_header_2.png\",\"width\":250,\"height\":49,\"caption\":\"Monts et Vall\u00e9es de Meuse\"},\"image\":{\"@id\":\"https:\\\/\\\/montsetvalleesdemeuse.com\\\/#\\\/schema\\\/logo\\\/image\\\/\"},\"sameAs\":[\"https:\\\/\\\/www.facebook.com\\\/stenayvaldunoistourisme\",\"https:\\\/\\\/www.instagram.com\\\/stenayvaldunoistourisme\\\/?hl=fr\",\"https:\\\/\\\/www.youtube.com\\\/channel\\\/UCbG3Y5KAmi9RViPfAd_lb0A\"]}]}<\/script>\n<!-- \/ Yoast SEO plugin. -->","yoast_head_json":{"title":"Incontournables &#8212; Office de tourisme des Monts et Vall\u00e9es de Meuse","description":"D\u00e9couvrez Dun-sur-Meuse et Stenay et ses sites incontournables : le mus\u00e9e de la bi\u00e8re et sa collection impressionnante, le Lac vert Plage,","robots":{"index":"index","follow":"follow","max-snippet":"max-snippet:-1","max-image-preview":"max-image-preview:large","max-video-preview":"max-video-preview:-1"},"canonical":"https:\/\/montsetvalleesdemeuse.com\/en\/incontournables\/","og_locale":"en_GB","og_type":"article","og_title":"Incontournables &#8212; Office de tourisme des Monts et Vall\u00e9es de Meuse","og_description":"D\u00e9couvrez Dun-sur-Meuse et Stenay et ses sites incontournables : le mus\u00e9e de la bi\u00e8re et sa collection impressionnante, le Lac vert Plage,","og_url":"https:\/\/montsetvalleesdemeuse.com\/en\/incontournables\/","og_site_name":"Monts et Vall\u00e9es de Meuse","article_publisher":"https:\/\/www.facebook.com\/stenayvaldunoistourisme","article_modified_time":"2022-07-03T11:57:46+00:00","twitter_card":"summary_large_image","twitter_misc":{"Estimated reading time":"2 minutes"},"schema":{"@context":"https:\/\/schema.org","@graph":[{"@type":"WebPage","@id":"https:\/\/montsetvalleesdemeuse.com\/incontournables\/","url":"https:\/\/montsetvalleesdemeuse.com\/incontournables\/","name":"Incontournables &#8212; Office de tourisme des Monts et Vall\u00e9es de Meuse","isPartOf":{"@id":"https:\/\/montsetvalleesdemeuse.com\/#website"},"datePublished":"2021-06-22T12:28:54+00:00","dateModified":"2022-07-03T11:57:46+00:00","description":"D\u00e9couvrez Dun-sur-Meuse et Stenay et ses sites incontournables : le mus\u00e9e de la bi\u00e8re et sa collection impressionnante, le Lac vert Plage,","breadcrumb":{"@id":"https:\/\/montsetvalleesdemeuse.com\/incontournables\/#breadcrumb"},"inLanguage":"en-GB","potentialAction":[{"@type":"ReadAction","target":["https:\/\/montsetvalleesdemeuse.com\/incontournables\/"]}]},{"@type":"BreadcrumbList","@id":"https:\/\/montsetvalleesdemeuse.com\/incontournables\/#breadcrumb","itemListElement":[{"@type":"ListItem","position":1,"name":"Accueil","item":"https:\/\/montsetvalleesdemeuse.com\/"},{"@type":"ListItem","position":2,"name":"Les incontournables"}]},{"@type":"WebSite","@id":"https:\/\/montsetvalleesdemeuse.com\/#website","url":"https:\/\/montsetvalleesdemeuse.com\/","name":"Monts et Vall\u00e9es de Meuse","description":"Naturally authentic","publisher":{"@id":"https:\/\/montsetvalleesdemeuse.com\/#organization"},"potentialAction":[{"@type":"SearchAction","target":{"@type":"EntryPoint","urlTemplate":"https:\/\/montsetvalleesdemeuse.com\/?s={search_term_string}"},"query-input":{"@type":"PropertyValueSpecification","valueRequired":true,"valueName":"search_term_string"}}],"inLanguage":"en-GB"},{"@type":"Organization","@id":"https:\/\/montsetvalleesdemeuse.com\/#organization","name":"Monts et Vall\u00e9es de Meuse","url":"https:\/\/montsetvalleesdemeuse.com\/","logo":{"@type":"ImageObject","inLanguage":"en-GB","@id":"https:\/\/montsetvalleesdemeuse.com\/#\/schema\/logo\/image\/","url":"https:\/\/montsetvalleesdemeuse.com\/wp-content\/uploads\/2021\/06\/logo_header_2.png","contentUrl":"https:\/\/montsetvalleesdemeuse.com\/wp-content\/uploads\/2021\/06\/logo_header_2.png","width":250,"height":49,"caption":"Monts et Vall\u00e9es de Meuse"},"image":{"@id":"https:\/\/montsetvalleesdemeuse.com\/#\/schema\/logo\/image\/"},"sameAs":["https:\/\/www.facebook.com\/stenayvaldunoistourisme","https:\/\/www.instagram.com\/stenayvaldunoistourisme\/?hl=fr","https:\/\/www.youtube.com\/channel\/UCbG3Y5KAmi9RViPfAd_lb0A"]}]}},"jetpack_sharing_enabled":true,"_links":{"self":[{"href":"https:\/\/montsetvalleesdemeuse.com\/en\/wp-json\/wp\/v2\/pages\/514","targetHints":{"allow":["GET"]}}],"collection":[{"href":"https:\/\/montsetvalleesdemeuse.com\/en\/wp-json\/wp\/v2\/pages"}],"about":[{"href":"https:\/\/montsetvalleesdemeuse.com\/en\/wp-json\/wp\/v2\/types\/page"}],"author":[{"embeddable":true,"href":"https:\/\/montsetvalleesdemeuse.com\/en\/wp-json\/wp\/v2\/users\/1"}],"replies":[{"embeddable":true,"href":"https:\/\/montsetvalleesdemeuse.com\/en\/wp-json\/wp\/v2\/comments?post=514"}],"version-history":[{"count":0,"href":"https:\/\/montsetvalleesdemeuse.com\/en\/wp-json\/wp\/v2\/pages\/514\/revisions"}],"wp:attachment":[{"href":"https:\/\/montsetvalleesdemeuse.com\/en\/wp-json\/wp\/v2\/media?parent=514"}],"curies":[{"name":"wp","href":"https:\/\/api.w.org\/{rel}","templated":true}]}}