{"id":416,"date":"2021-06-21T15:36:50","date_gmt":"2021-06-21T13:36:50","guid":{"rendered":"https:\/\/montsetvalleesdemeuse.com\/?page_id=416"},"modified":"2023-01-05T16:02:05","modified_gmt":"2023-01-05T15:02:05","slug":"carte-interactive","status":"publish","type":"page","link":"https:\/\/montsetvalleesdemeuse.com\/en\/carte-interactive\/","title":{"rendered":"Carte interactive"},"content":{"rendered":"<p>[et_pb_section fb_built=\u00a0\u00bb1&Prime; fullwidth=\u00a0\u00bbon\u00a0\u00bb admin_label=\u00a0\u00bbHero Section\u00a0\u00bb _builder_version=\u00a0\u00bb4.16&Prime; background_enable_color=\u00a0\u00bboff\u00a0\u00bb custom_padding=\u00a0\u00bb0px|0px|0px|0px\u00a0\u00bb da_disable_devices=\u00a0\u00bboff|off|off\u00a0\u00bb global_colors_info=\u00a0\u00bb{}\u00a0\u00bb da_is_popup=\u00a0\u00bboff\u00a0\u00bb da_exit_intent=\u00a0\u00bboff\u00a0\u00bb da_has_close=\u00a0\u00bbon\u00a0\u00bb da_alt_close=\u00a0\u00bboff\u00a0\u00bb da_dark_close=\u00a0\u00bboff\u00a0\u00bb da_not_modal=\u00a0\u00bbon\u00a0\u00bb da_is_singular=\u00a0\u00bboff\u00a0\u00bb da_with_loader=\u00a0\u00bboff\u00a0\u00bb da_has_shadow=\u00a0\u00bbon\u00a0\u00bb][et_pb_fullwidth_header title=\u00a0\u00bbCarte interactive\u00a0\u00bb button_one_url=\u00a0\u00bbhttps:\/\/www.youtube.com\/watch?v=HBJJ9lfk1qA&#038;t=16s\u00a0\u00bb background_overlay_color=\u00a0\u00bbRGBA(0,0,0,0)\u00a0\u00bb content_max_width=\u00a0\u00bb50%\u00a0\u00bb content_max_width_tablet=\u00a0\u00bb80%\u00a0\u00bb content_max_width_phone=\u00a0\u00bb100%\u00a0\u00bb content_max_width_last_edited=\u00a0\u00bbon|phone\u00a0\u00bb admin_label=\u00a0\u00bbHero\u00a0\u00bb _builder_version=\u00a0\u00bb4.16&Prime; title_font=\u00a0\u00bb|700||on|||||\u00a0\u00bb title_text_align=\u00a0\u00bbleft\u00a0\u00bb content_font=\u00a0\u00bbPoppins||||||||\u00a0\u00bb content_text_align=\u00a0\u00bbleft\u00a0\u00bb content_font_size=\u00a0\u00bb16px\u00a0\u00bb background_image=\u00a0\u00bbhttps:\/\/montsetvalleesdemeuse.com\/wp-content\/uploads\/2021\/06\/location-velo-miniature.jpg\u00a0\u00bb module_alignment=\u00a0\u00bbcenter\u00a0\u00bb custom_margin=\u00a0\u00bb||||false|false\u00a0\u00bb custom_padding=\u00a0\u00bb||||false|false\u00a0\u00bb title_text_align_phone=\u00a0\u00bbcenter\u00a0\u00bb title_text_align_last_edited=\u00a0\u00bboff|desktop\u00a0\u00bb content_text_align_tablet=\u00a0\u00bbleft\u00a0\u00bb content_text_align_phone=\u00a0\u00bbjustify\u00a0\u00bb content_text_align_last_edited=\u00a0\u00bbon|desktop\u00a0\u00bb button_one_text_color_hover=\u00a0\u00bb#ffffff\u00a0\u00bb button_one_border_color_hover=\u00a0\u00bb#ffffff\u00a0\u00bb button_one_border_radius_hover=\u00a0\u00bb0px\u00a0\u00bb button_one_letter_spacing_hover=\u00a0\u00bb4px\u00a0\u00bb button_one_bg_color_hover=\u00a0\u00bbrgba(0,0,0,0)\u00a0\u00bb global_colors_info=\u00a0\u00bb{}\u00a0\u00bb button_one_text_size__hover_enabled=\u00a0\u00bboff\u00a0\u00bb button_two_text_size__hover_enabled=\u00a0\u00bboff\u00a0\u00bb button_two_text_color__hover_enabled=\u00a0\u00bboff\u00a0\u00bb button_one_border_width__hover_enabled=\u00a0\u00bboff\u00a0\u00bb button_two_border_width__hover_enabled=\u00a0\u00bboff\u00a0\u00bb button_two_border_color__hover_enabled=\u00a0\u00bboff\u00a0\u00bb button_one_border_radius__hover_enabled=\u00a0\u00bboff\u00a0\u00bb button_one_border_radius__hover=\u00a0\u00bb0px\u00a0\u00bb button_two_border_radius__hover_enabled=\u00a0\u00bboff\u00a0\u00bb button_two_letter_spacing__hover_enabled=\u00a0\u00bboff\u00a0\u00bb button_two_bg_color__hover_enabled=\u00a0\u00bboff\u00a0\u00bb button_one_bg_enable_color__hover=\u00a0\u00bbon\u00a0\u00bb][\/et_pb_fullwidth_header][\/et_pb_section][et_pb_section fb_built=\u00a0\u00bb1&Prime; custom_padding_last_edited=\u00a0\u00bboff|desktop\u00a0\u00bb _builder_version=\u00a0\u00bb4.16&Prime; background_color=\u00a0\u00bb#FAFAFA\u00a0\u00bb background_image=\u00a0\u00bbhttps:\/\/montsetvalleesdemeuse.com\/wp-content\/uploads\/2021\/10\/pattern1.png\u00a0\u00bb background_size=\u00a0\u00bbinitial\u00a0\u00bb background_repeat=\u00a0\u00bbrepeat\u00a0\u00bb custom_padding=\u00a0\u00bb||||false|false\u00a0\u00bb custom_padding_tablet=\u00a0\u00bb||||false|false\u00a0\u00bb da_disable_devices=\u00a0\u00bboff|off|off\u00a0\u00bb global_colors_info=\u00a0\u00bb{}\u00a0\u00bb da_is_popup=\u00a0\u00bboff\u00a0\u00bb da_exit_intent=\u00a0\u00bboff\u00a0\u00bb da_has_close=\u00a0\u00bbon\u00a0\u00bb da_alt_close=\u00a0\u00bboff\u00a0\u00bb da_dark_close=\u00a0\u00bboff\u00a0\u00bb da_not_modal=\u00a0\u00bbon\u00a0\u00bb da_is_singular=\u00a0\u00bboff\u00a0\u00bb da_with_loader=\u00a0\u00bboff\u00a0\u00bb da_has_shadow=\u00a0\u00bbon\u00a0\u00bb][et_pb_row column_structure=\u00a0\u00bb2_3,1_3&Prime; _builder_version=\u00a0\u00bb4.16&Prime; _module_preset=\u00a0\u00bbdefault\u00a0\u00bb width=\u00a0\u00bb90%\u00a0\u00bb max_width=\u00a0\u00bb100%\u00a0\u00bb module_alignment=\u00a0\u00bbcenter\u00a0\u00bb height=\u00a0\u00bb1000px\u00a0\u00bb global_colors_info=\u00a0\u00bb{}\u00a0\u00bb][et_pb_column type=\u00a0\u00bb2_3&Prime; _builder_version=\u00a0\u00bb4.16&Prime; _module_preset=\u00a0\u00bbdefault\u00a0\u00bb global_colors_info=\u00a0\u00bb{}\u00a0\u00bb][et_pb_text _builder_version=\u00a0\u00bb4.16&Prime; _module_preset=\u00a0\u00bbdefault\u00a0\u00bb text_font=\u00a0\u00bbPoppins|700||on|||||\u00a0\u00bb text_text_color=\u00a0\u00bb#137679&Prime; text_line_height=\u00a0\u00bb1em\u00a0\u00bb header_2_text_color=\u00a0\u00bb#F4BB57&Prime; global_colors_info=\u00a0\u00bb{}\u00a0\u00bb]<\/p>\n<h2 style=\"text-align: left;\">carte touristique<\/h2>\n<p style=\"text-align: left;\">\u00a0nos coups de coeur &amp; incontournables<\/p>\n<p>[\/et_pb_text][et_pb_image src=\u00a0\u00bbhttps:\/\/montsetvalleesdemeuse.com\/wp-content\/uploads\/2021\/10\/carte-interactive-tourisme-mvm.svg\u00a0\u00bb title_text=\u00a0\u00bbcarte interactive tourisme m&#038;vm\u00a0\u00bb _builder_version=\u00a0\u00bb4.19.4&Prime; _module_preset=\u00a0\u00bbdefault\u00a0\u00bb global_colors_info=\u00a0\u00bb{}\u00a0\u00bb][\/et_pb_image][\/et_pb_column][et_pb_column type=\u00a0\u00bb1_3&Prime; _builder_version=\u00a0\u00bb4.16&Prime; _module_preset=\u00a0\u00bbdefault\u00a0\u00bb global_colors_info=\u00a0\u00bb{}\u00a0\u00bb][et_pb_blurb title=\u00a0\u00bbOffice de tourisme\u00a0\u00bb image=\u00a0\u00bbhttps:\/\/montsetvalleesdemeuse.com\/wp-content\/uploads\/2021\/10\/office-tourisme.png\u00a0\u00bb icon_placement=\u00a0\u00bbleft\u00a0\u00bb _builder_version=\u00a0\u00bb4.16&Prime; _module_preset=\u00a0\u00bbdefault\u00a0\u00bb header_font=\u00a0\u00bbPoppins||||||||\u00a0\u00bb header_font_size=\u00a0\u00bb16px\u00a0\u00bb custom_margin=\u00a0\u00bb10px||10px||true|false\u00a0\u00bb custom_padding=\u00a0\u00bb||||false|false\u00a0\u00bb custom_css_blurb_title=\u00a0\u00bb\t||padding-top: 10px !important;\u00a0\u00bb global_colors_info=\u00a0\u00bb{}\u00a0\u00bb][\/et_pb_blurb][et_pb_blurb title=\u00a0\u00bbMus\u00e9e\u00a0\u00bb image=\u00a0\u00bbhttps:\/\/montsetvalleesdemeuse.com\/wp-content\/uploads\/2021\/10\/musee.png\u00a0\u00bb icon_placement=\u00a0\u00bbleft\u00a0\u00bb _builder_version=\u00a0\u00bb4.16&Prime; _module_preset=\u00a0\u00bbdefault\u00a0\u00bb header_font=\u00a0\u00bbPoppins||||||||\u00a0\u00bb header_font_size=\u00a0\u00bb16px\u00a0\u00bb custom_margin=\u00a0\u00bb10px||10px||true|false\u00a0\u00bb custom_css_blurb_title=\u00a0\u00bb\t||padding-top: 8px !important;\u00a0\u00bb global_colors_info=\u00a0\u00bb{}\u00a0\u00bb][\/et_pb_blurb][et_pb_blurb title=\u00a0\u00bbPatrimoine\u00a0\u00bb image=\u00a0\u00bbhttps:\/\/montsetvalleesdemeuse.com\/wp-content\/uploads\/2021\/10\/patrimoine.png\u00a0\u00bb icon_placement=\u00a0\u00bbleft\u00a0\u00bb _builder_version=\u00a0\u00bb4.16&Prime; _module_preset=\u00a0\u00bbdefault\u00a0\u00bb header_font=\u00a0\u00bbPoppins||||||||\u00a0\u00bb header_font_size=\u00a0\u00bb16px\u00a0\u00bb custom_margin=\u00a0\u00bb10px||10px||true|false\u00a0\u00bb custom_css_blurb_title=\u00a0\u00bb\t||padding-top: 8px !important;\u00a0\u00bb global_colors_info=\u00a0\u00bb{}\u00a0\u00bb][\/et_pb_blurb][et_pb_blurb title=\u00a0\u00bbSite de m\u00e9moire\u00a0\u00bb image=\u00a0\u00bbhttps:\/\/montsetvalleesdemeuse.com\/wp-content\/uploads\/2021\/10\/site-de-memoire.png\u00a0\u00bb icon_placement=\u00a0\u00bbleft\u00a0\u00bb _builder_version=\u00a0\u00bb4.16&Prime; _module_preset=\u00a0\u00bbdefault\u00a0\u00bb header_font=\u00a0\u00bbPoppins||||||||\u00a0\u00bb header_font_size=\u00a0\u00bb16px\u00a0\u00bb custom_margin=\u00a0\u00bb10px||10px||true|false\u00a0\u00bb custom_css_blurb_title=\u00a0\u00bb\t||padding-top: 8px !important;\u00a0\u00bb global_colors_info=\u00a0\u00bb{}\u00a0\u00bb image__hover_enabled=\u00a0\u00bbon|desktop\u00a0\u00bb image__hover=\u00a0\u00bbhttps:\/\/montsetvalleesdemeuse.com\/wp-content\/uploads\/2021\/10\/site-de-memoire.png\u00a0\u00bb][\/et_pb_blurb][et_pb_blurb title=\u00a0\u00bbCano\u00eb-kayak\u00a0\u00bb image=\u00a0\u00bbhttps:\/\/montsetvalleesdemeuse.com\/wp-content\/uploads\/2021\/10\/canoe.png\u00a0\u00bb icon_placement=\u00a0\u00bbleft\u00a0\u00bb _builder_version=\u00a0\u00bb4.16&Prime; _module_preset=\u00a0\u00bbdefault\u00a0\u00bb header_font=\u00a0\u00bbPoppins||||||||\u00a0\u00bb header_font_size=\u00a0\u00bb16px\u00a0\u00bb custom_margin=\u00a0\u00bb10px||10px||true|false\u00a0\u00bb custom_css_blurb_title=\u00a0\u00bb\t||padding-top: 8px !important;\u00a0\u00bb global_colors_info=\u00a0\u00bb{}\u00a0\u00bb][\/et_pb_blurb][et_pb_blurb title=\u00a0\u00bbP\u00eache\u00a0\u00bb image=\u00a0\u00bbhttps:\/\/montsetvalleesdemeuse.com\/wp-content\/uploads\/2021\/10\/peche.png\u00a0\u00bb icon_placement=\u00a0\u00bbleft\u00a0\u00bb _builder_version=\u00a0\u00bb4.16&Prime; _module_preset=\u00a0\u00bbdefault\u00a0\u00bb header_font=\u00a0\u00bbPoppins||||||||\u00a0\u00bb header_font_size=\u00a0\u00bb16px\u00a0\u00bb custom_margin=\u00a0\u00bb10px||10px||true|false\u00a0\u00bb custom_css_blurb_title=\u00a0\u00bb\t||padding-top: 8px !important;\u00a0\u00bb global_colors_info=\u00a0\u00bb{}\u00a0\u00bb][\/et_pb_blurb][et_pb_blurb title=\u00a0\u00bbPort de plaisance\u00a0\u00bb image=\u00a0\u00bbhttps:\/\/montsetvalleesdemeuse.com\/wp-content\/uploads\/2021\/10\/port-de-plaisance.png\u00a0\u00bb icon_placement=\u00a0\u00bbleft\u00a0\u00bb _builder_version=\u00a0\u00bb4.16&Prime; _module_preset=\u00a0\u00bbdefault\u00a0\u00bb header_font=\u00a0\u00bbPoppins||||||||\u00a0\u00bb header_font_size=\u00a0\u00bb16px\u00a0\u00bb custom_margin=\u00a0\u00bb10px||10px||true|false\u00a0\u00bb custom_css_blurb_title=\u00a0\u00bb\t||padding-top: 8px !important;\u00a0\u00bb global_colors_info=\u00a0\u00bb{}\u00a0\u00bb][\/et_pb_blurb][et_pb_blurb title=\u00a0\u00bbAire de camping-car\u00a0\u00bb image=\u00a0\u00bbhttps:\/\/montsetvalleesdemeuse.com\/wp-content\/uploads\/2021\/10\/camping-car.png\u00a0\u00bb icon_placement=\u00a0\u00bbleft\u00a0\u00bb _builder_version=\u00a0\u00bb4.16&Prime; _module_preset=\u00a0\u00bbdefault\u00a0\u00bb header_font=\u00a0\u00bbPoppins||||||||\u00a0\u00bb header_font_size=\u00a0\u00bb16px\u00a0\u00bb custom_margin=\u00a0\u00bb10px||10px||true|false\u00a0\u00bb custom_css_blurb_title=\u00a0\u00bb\t||padding-top: 8px !important;\u00a0\u00bb global_colors_info=\u00a0\u00bb{}\u00a0\u00bb][\/et_pb_blurb][et_pb_blurb title=\u00a0\u00bbCommerces\u00a0\u00bb image=\u00a0\u00bbhttps:\/\/montsetvalleesdemeuse.com\/wp-content\/uploads\/2021\/10\/commerce.png\u00a0\u00bb icon_placement=\u00a0\u00bbleft\u00a0\u00bb _builder_version=\u00a0\u00bb4.16&Prime; _module_preset=\u00a0\u00bbdefault\u00a0\u00bb header_font=\u00a0\u00bbPoppins||||||||\u00a0\u00bb header_font_size=\u00a0\u00bb16px\u00a0\u00bb custom_margin=\u00a0\u00bb10px||10px||true|false\u00a0\u00bb custom_css_blurb_title=\u00a0\u00bb\t||padding-top: 8px !important;\u00a0\u00bb global_colors_info=\u00a0\u00bb{}\u00a0\u00bb][\/et_pb_blurb][et_pb_blurb title=\u00a0\u00bbPour dormir\u00a0\u00bb image=\u00a0\u00bbhttps:\/\/montsetvalleesdemeuse.com\/wp-content\/uploads\/2021\/10\/pour-dormir.png\u00a0\u00bb icon_placement=\u00a0\u00bbleft\u00a0\u00bb _builder_version=\u00a0\u00bb4.16&Prime; _module_preset=\u00a0\u00bbdefault\u00a0\u00bb header_font=\u00a0\u00bbPoppins||||||||\u00a0\u00bb header_font_size=\u00a0\u00bb16px\u00a0\u00bb custom_margin=\u00a0\u00bb10px||10px||true|false\u00a0\u00bb custom_css_blurb_title=\u00a0\u00bb\t||padding-top: 8px !important;\u00a0\u00bb global_colors_info=\u00a0\u00bb{}\u00a0\u00bb][\/et_pb_blurb][et_pb_blurb title=\u00a0\u00bbPour se restaurer\u00a0\u00bb image=\u00a0\u00bbhttps:\/\/montsetvalleesdemeuse.com\/wp-content\/uploads\/2021\/10\/pour-se-restaurer.png\u00a0\u00bb icon_placement=\u00a0\u00bbleft\u00a0\u00bb _builder_version=\u00a0\u00bb4.16&Prime; _module_preset=\u00a0\u00bbdefault\u00a0\u00bb header_font=\u00a0\u00bbPoppins||||||||\u00a0\u00bb header_font_size=\u00a0\u00bb16px\u00a0\u00bb custom_margin=\u00a0\u00bb10px||10px||true|false\u00a0\u00bb custom_css_blurb_title=\u00a0\u00bb\t||padding-top: 8px !important;\u00a0\u00bb global_colors_info=\u00a0\u00bb{}\u00a0\u00bb][\/et_pb_blurb][dsm_perspective_image _builder_version=\u00a0\u00bb4.16&Prime; _module_preset=\u00a0\u00bbdefault\u00a0\u00bb global_colors_info=\u00a0\u00bb{}\u00a0\u00bb][\/dsm_perspective_image][\/et_pb_column][\/et_pb_row][\/et_pb_section]<\/p>\n","protected":false},"excerpt":{"rendered":"<p>carte touristique \u00a0nos coups de coeur &amp; incontournables<div class=\"et_pb_module dsm_perspective_image dsm_perspective_image_0\">\n\t\t\t\t\n\t\t\t\t\n\t\t\t\t\n\t\t\t\t\n\t\t\t\t\n\t\t\t\t\n\t\t\t\t<div class=\"et_pb_module_inner\">\n\t\t\t\t\t<div class=\"dsm-perspective-image-wrapper et_always_center_on_mobile\">\n\t\t\t\t\n\t\t\t\t\n\t\t\t\t<span class=\"et_pb_image_wrap\"><img decoding=\"async\" src=\"\" alt=\"\" \/><\/span>\n\t\t\t<\/div>\n\t\t\t\t<\/div>\n\t\t\t<\/div><\/p>","protected":false},"author":1,"featured_media":0,"parent":0,"menu_order":0,"comment_status":"closed","ping_status":"closed","template":"","meta":{"_et_pb_use_builder":"on","_et_pb_old_content":"<!-- wp:divi\/placeholder \/-->","_et_gb_content_width":"","inline_featured_image":false,"footnotes":""},"class_list":["post-416","page","type-page","status-publish","hentry"],"yoast_head":"<!-- This site is optimized with the Yoast SEO plugin v27.3 - https:\/\/yoast.com\/product\/yoast-seo-wordpress\/ -->\n<title>Carte interactive &#8212; office de tourisme Monts et Vall\u00e9es de Meuse<\/title>\n<meta name=\"description\" content=\"D\u00e9couvrez les Monts et Vall\u00e9es de Meuse et organisez votre s\u00e9jour avec notre carte interactive qui regroupe toutes les id\u00e9es visites, ...\" \/>\n<meta name=\"robots\" content=\"index, follow, max-snippet:-1, max-image-preview:large, max-video-preview:-1\" \/>\n<link rel=\"canonical\" href=\"https:\/\/montsetvalleesdemeuse.com\/en\/carte-interactive\/\" \/>\n<meta property=\"og:locale\" content=\"en_GB\" \/>\n<meta property=\"og:type\" content=\"article\" \/>\n<meta property=\"og:title\" content=\"Carte interactive &#8212; office de tourisme Monts et Vall\u00e9es de Meuse\" \/>\n<meta property=\"og:description\" content=\"D\u00e9couvrez les Monts et Vall\u00e9es de Meuse et organisez votre s\u00e9jour avec notre carte interactive qui regroupe toutes les id\u00e9es visites, ...\" \/>\n<meta property=\"og:url\" content=\"https:\/\/montsetvalleesdemeuse.com\/en\/carte-interactive\/\" \/>\n<meta property=\"og:site_name\" content=\"Monts et Vall\u00e9es de Meuse\" \/>\n<meta property=\"article:publisher\" content=\"https:\/\/www.facebook.com\/stenayvaldunoistourisme\" \/>\n<meta property=\"article:modified_time\" content=\"2023-01-05T15:02:05+00:00\" \/>\n<meta name=\"twitter:card\" content=\"summary_large_image\" \/>\n<meta name=\"twitter:label1\" content=\"Estimated reading time\" \/>\n\t<meta name=\"twitter:data1\" content=\"1 minute\" \/>\n<script type=\"application\/ld+json\" class=\"yoast-schema-graph\">{\"@context\":\"https:\\\/\\\/schema.org\",\"@graph\":[{\"@type\":\"WebPage\",\"@id\":\"https:\\\/\\\/montsetvalleesdemeuse.com\\\/carte-interactive\\\/\",\"url\":\"https:\\\/\\\/montsetvalleesdemeuse.com\\\/carte-interactive\\\/\",\"name\":\"Carte interactive &#8212; office de tourisme Monts et Vall\u00e9es de Meuse\",\"isPartOf\":{\"@id\":\"https:\\\/\\\/montsetvalleesdemeuse.com\\\/#website\"},\"datePublished\":\"2021-06-21T13:36:50+00:00\",\"dateModified\":\"2023-01-05T15:02:05+00:00\",\"description\":\"D\u00e9couvrez les Monts et Vall\u00e9es de Meuse et organisez votre s\u00e9jour avec notre carte interactive qui regroupe toutes les id\u00e9es visites, ...\",\"breadcrumb\":{\"@id\":\"https:\\\/\\\/montsetvalleesdemeuse.com\\\/carte-interactive\\\/#breadcrumb\"},\"inLanguage\":\"en-GB\",\"potentialAction\":[{\"@type\":\"ReadAction\",\"target\":[\"https:\\\/\\\/montsetvalleesdemeuse.com\\\/carte-interactive\\\/\"]}]},{\"@type\":\"BreadcrumbList\",\"@id\":\"https:\\\/\\\/montsetvalleesdemeuse.com\\\/carte-interactive\\\/#breadcrumb\",\"itemListElement\":[{\"@type\":\"ListItem\",\"position\":1,\"name\":\"Accueil\",\"item\":\"https:\\\/\\\/montsetvalleesdemeuse.com\\\/\"},{\"@type\":\"ListItem\",\"position\":2,\"name\":\"Carte interactive\"}]},{\"@type\":\"WebSite\",\"@id\":\"https:\\\/\\\/montsetvalleesdemeuse.com\\\/#website\",\"url\":\"https:\\\/\\\/montsetvalleesdemeuse.com\\\/\",\"name\":\"Monts et Vall\u00e9es de Meuse\",\"description\":\"Authentique par nature\",\"publisher\":{\"@id\":\"https:\\\/\\\/montsetvalleesdemeuse.com\\\/#organization\"},\"potentialAction\":[{\"@type\":\"SearchAction\",\"target\":{\"@type\":\"EntryPoint\",\"urlTemplate\":\"https:\\\/\\\/montsetvalleesdemeuse.com\\\/?s={search_term_string}\"},\"query-input\":{\"@type\":\"PropertyValueSpecification\",\"valueRequired\":true,\"valueName\":\"search_term_string\"}}],\"inLanguage\":\"en-GB\"},{\"@type\":\"Organization\",\"@id\":\"https:\\\/\\\/montsetvalleesdemeuse.com\\\/#organization\",\"name\":\"Monts et Vall\u00e9es de Meuse\",\"url\":\"https:\\\/\\\/montsetvalleesdemeuse.com\\\/\",\"logo\":{\"@type\":\"ImageObject\",\"inLanguage\":\"en-GB\",\"@id\":\"https:\\\/\\\/montsetvalleesdemeuse.com\\\/#\\\/schema\\\/logo\\\/image\\\/\",\"url\":\"https:\\\/\\\/montsetvalleesdemeuse.com\\\/wp-content\\\/uploads\\\/2021\\\/06\\\/logo_header_2.png\",\"contentUrl\":\"https:\\\/\\\/montsetvalleesdemeuse.com\\\/wp-content\\\/uploads\\\/2021\\\/06\\\/logo_header_2.png\",\"width\":250,\"height\":49,\"caption\":\"Monts et Vall\u00e9es de Meuse\"},\"image\":{\"@id\":\"https:\\\/\\\/montsetvalleesdemeuse.com\\\/#\\\/schema\\\/logo\\\/image\\\/\"},\"sameAs\":[\"https:\\\/\\\/www.facebook.com\\\/stenayvaldunoistourisme\",\"https:\\\/\\\/www.instagram.com\\\/stenayvaldunoistourisme\\\/?hl=fr\",\"https:\\\/\\\/www.youtube.com\\\/channel\\\/UCbG3Y5KAmi9RViPfAd_lb0A\"]}]}<\/script>\n<!-- \/ Yoast SEO plugin. -->","yoast_head_json":{"title":"Carte interactive &#8212; office de tourisme Monts et Vall\u00e9es de Meuse","description":"D\u00e9couvrez les Monts et Vall\u00e9es de Meuse et organisez votre s\u00e9jour avec notre carte interactive qui regroupe toutes les id\u00e9es visites, ...","robots":{"index":"index","follow":"follow","max-snippet":"max-snippet:-1","max-image-preview":"max-image-preview:large","max-video-preview":"max-video-preview:-1"},"canonical":"https:\/\/montsetvalleesdemeuse.com\/en\/carte-interactive\/","og_locale":"en_GB","og_type":"article","og_title":"Carte interactive &#8212; office de tourisme Monts et Vall\u00e9es de Meuse","og_description":"D\u00e9couvrez les Monts et Vall\u00e9es de Meuse et organisez votre s\u00e9jour avec notre carte interactive qui regroupe toutes les id\u00e9es visites, ...","og_url":"https:\/\/montsetvalleesdemeuse.com\/en\/carte-interactive\/","og_site_name":"Monts et Vall\u00e9es de Meuse","article_publisher":"https:\/\/www.facebook.com\/stenayvaldunoistourisme","article_modified_time":"2023-01-05T15:02:05+00:00","twitter_card":"summary_large_image","twitter_misc":{"Estimated reading time":"1 minute"},"schema":{"@context":"https:\/\/schema.org","@graph":[{"@type":"WebPage","@id":"https:\/\/montsetvalleesdemeuse.com\/carte-interactive\/","url":"https:\/\/montsetvalleesdemeuse.com\/carte-interactive\/","name":"Carte interactive &#8212; office de tourisme Monts et Vall\u00e9es de Meuse","isPartOf":{"@id":"https:\/\/montsetvalleesdemeuse.com\/#website"},"datePublished":"2021-06-21T13:36:50+00:00","dateModified":"2023-01-05T15:02:05+00:00","description":"D\u00e9couvrez les Monts et Vall\u00e9es de Meuse et organisez votre s\u00e9jour avec notre carte interactive qui regroupe toutes les id\u00e9es visites, ...","breadcrumb":{"@id":"https:\/\/montsetvalleesdemeuse.com\/carte-interactive\/#breadcrumb"},"inLanguage":"en-GB","potentialAction":[{"@type":"ReadAction","target":["https:\/\/montsetvalleesdemeuse.com\/carte-interactive\/"]}]},{"@type":"BreadcrumbList","@id":"https:\/\/montsetvalleesdemeuse.com\/carte-interactive\/#breadcrumb","itemListElement":[{"@type":"ListItem","position":1,"name":"Accueil","item":"https:\/\/montsetvalleesdemeuse.com\/"},{"@type":"ListItem","position":2,"name":"Carte interactive"}]},{"@type":"WebSite","@id":"https:\/\/montsetvalleesdemeuse.com\/#website","url":"https:\/\/montsetvalleesdemeuse.com\/","name":"Monts et Vall\u00e9es de Meuse","description":"Naturally authentic","publisher":{"@id":"https:\/\/montsetvalleesdemeuse.com\/#organization"},"potentialAction":[{"@type":"SearchAction","target":{"@type":"EntryPoint","urlTemplate":"https:\/\/montsetvalleesdemeuse.com\/?s={search_term_string}"},"query-input":{"@type":"PropertyValueSpecification","valueRequired":true,"valueName":"search_term_string"}}],"inLanguage":"en-GB"},{"@type":"Organization","@id":"https:\/\/montsetvalleesdemeuse.com\/#organization","name":"Monts et Vall\u00e9es de Meuse","url":"https:\/\/montsetvalleesdemeuse.com\/","logo":{"@type":"ImageObject","inLanguage":"en-GB","@id":"https:\/\/montsetvalleesdemeuse.com\/#\/schema\/logo\/image\/","url":"https:\/\/montsetvalleesdemeuse.com\/wp-content\/uploads\/2021\/06\/logo_header_2.png","contentUrl":"https:\/\/montsetvalleesdemeuse.com\/wp-content\/uploads\/2021\/06\/logo_header_2.png","width":250,"height":49,"caption":"Monts et Vall\u00e9es de Meuse"},"image":{"@id":"https:\/\/montsetvalleesdemeuse.com\/#\/schema\/logo\/image\/"},"sameAs":["https:\/\/www.facebook.com\/stenayvaldunoistourisme","https:\/\/www.instagram.com\/stenayvaldunoistourisme\/?hl=fr","https:\/\/www.youtube.com\/channel\/UCbG3Y5KAmi9RViPfAd_lb0A"]}]}},"jetpack_sharing_enabled":true,"_links":{"self":[{"href":"https:\/\/montsetvalleesdemeuse.com\/en\/wp-json\/wp\/v2\/pages\/416","targetHints":{"allow":["GET"]}}],"collection":[{"href":"https:\/\/montsetvalleesdemeuse.com\/en\/wp-json\/wp\/v2\/pages"}],"about":[{"href":"https:\/\/montsetvalleesdemeuse.com\/en\/wp-json\/wp\/v2\/types\/page"}],"author":[{"embeddable":true,"href":"https:\/\/montsetvalleesdemeuse.com\/en\/wp-json\/wp\/v2\/users\/1"}],"replies":[{"embeddable":true,"href":"https:\/\/montsetvalleesdemeuse.com\/en\/wp-json\/wp\/v2\/comments?post=416"}],"version-history":[{"count":0,"href":"https:\/\/montsetvalleesdemeuse.com\/en\/wp-json\/wp\/v2\/pages\/416\/revisions"}],"wp:attachment":[{"href":"https:\/\/montsetvalleesdemeuse.com\/en\/wp-json\/wp\/v2\/media?parent=416"}],"curies":[{"name":"wp","href":"https:\/\/api.w.org\/{rel}","templated":true}]}}