{"id":414,"date":"2021-06-21T15:35:51","date_gmt":"2021-06-21T13:35:51","guid":{"rendered":"https:\/\/montsetvalleesdemeuse.com\/?page_id=414"},"modified":"2021-07-12T19:02:04","modified_gmt":"2021-07-12T17:02:04","slug":"meteo","status":"publish","type":"page","link":"https:\/\/montsetvalleesdemeuse.com\/en\/meteo\/","title":{"rendered":"M\u00e9t\u00e9o"},"content":{"rendered":"<p>[et_pb_section fb_built=\u00a0\u00bb1&Prime; fullwidth=\u00a0\u00bbon\u00a0\u00bb admin_label=\u00a0\u00bbHero Section\u00a0\u00bb _builder_version=\u00a0\u00bb4.9.7&Prime; background_enable_color=\u00a0\u00bboff\u00a0\u00bb custom_padding=\u00a0\u00bb0px|0px|0px|0px\u00a0\u00bb da_disable_devices=\u00a0\u00bboff|off|off\u00a0\u00bb da_is_popup=\u00a0\u00bboff\u00a0\u00bb da_exit_intent=\u00a0\u00bboff\u00a0\u00bb da_has_close=\u00a0\u00bbon\u00a0\u00bb da_alt_close=\u00a0\u00bboff\u00a0\u00bb da_dark_close=\u00a0\u00bboff\u00a0\u00bb da_not_modal=\u00a0\u00bbon\u00a0\u00bb da_is_singular=\u00a0\u00bboff\u00a0\u00bb da_with_loader=\u00a0\u00bboff\u00a0\u00bb da_has_shadow=\u00a0\u00bbon\u00a0\u00bb][et_pb_fullwidth_header title=\u00a0\u00bbm\u00e9t\u00e9o\u00a0\u00bb button_one_url=\u00a0\u00bbhttps:\/\/www.youtube.com\/watch?v=HBJJ9lfk1qA&#038;t=16s\u00a0\u00bb background_overlay_color=\u00a0\u00bbRGBA(0,0,0,0)\u00a0\u00bb content_max_width=\u00a0\u00bb50%\u00a0\u00bb content_max_width_tablet=\u00a0\u00bb80%\u00a0\u00bb content_max_width_phone=\u00a0\u00bb100%\u00a0\u00bb content_max_width_last_edited=\u00a0\u00bbon|phone\u00a0\u00bb admin_label=\u00a0\u00bbHero\u00a0\u00bb _builder_version=\u00a0\u00bb4.9.7&Prime; title_font=\u00a0\u00bb|700||on|||||\u00a0\u00bb title_text_align=\u00a0\u00bbleft\u00a0\u00bb content_font=\u00a0\u00bbPoppins||||||||\u00a0\u00bb content_text_align=\u00a0\u00bbleft\u00a0\u00bb content_font_size=\u00a0\u00bb16px\u00a0\u00bb background_image=\u00a0\u00bbhttps:\/\/montsetvalleesdemeuse.com\/wp-content\/uploads\/2021\/06\/meteo_background.jpg\u00a0\u00bb module_alignment=\u00a0\u00bbcenter\u00a0\u00bb custom_margin=\u00a0\u00bb||||false|false\u00a0\u00bb custom_padding=\u00a0\u00bb||||false|false\u00a0\u00bb hover_enabled=\u00a0\u00bb0&Prime; title_text_align_phone=\u00a0\u00bbleft\u00a0\u00bb title_text_align_last_edited=\u00a0\u00bboff|tablet\u00a0\u00bb title_font_size_tablet=\u00a0\u00bb\u00a0\u00bb title_font_size_phone=\u00a0\u00bb\u00a0\u00bb title_font_size_last_edited=\u00a0\u00bbon|desktop\u00a0\u00bb content_text_align_tablet=\u00a0\u00bbleft\u00a0\u00bb content_text_align_phone=\u00a0\u00bbjustify\u00a0\u00bb content_text_align_last_edited=\u00a0\u00bbon|desktop\u00a0\u00bb button_one_text_color_hover=\u00a0\u00bb#ffffff\u00a0\u00bb button_one_border_color_hover=\u00a0\u00bb#ffffff\u00a0\u00bb button_one_border_radius_hover=\u00a0\u00bb0px\u00a0\u00bb button_one_letter_spacing_hover=\u00a0\u00bb4px\u00a0\u00bb button_one_bg_color_hover=\u00a0\u00bbrgba(0,0,0,0)\u00a0\u00bb button_one_text_size__hover_enabled=\u00a0\u00bboff\u00a0\u00bb button_two_text_size__hover_enabled=\u00a0\u00bboff\u00a0\u00bb button_one_text_color__hover_enabled=\u00a0\u00bbon|desktop\u00a0\u00bb button_one_text_color__hover=\u00a0\u00bb#137679&Prime; button_two_text_color__hover_enabled=\u00a0\u00bboff\u00a0\u00bb button_one_border_width__hover_enabled=\u00a0\u00bboff\u00a0\u00bb button_two_border_width__hover_enabled=\u00a0\u00bboff\u00a0\u00bb button_one_border_color__hover_enabled=\u00a0\u00bbon\u00a0\u00bb button_one_border_color__hover=\u00a0\u00bb#ffffff\u00a0\u00bb button_two_border_color__hover_enabled=\u00a0\u00bboff\u00a0\u00bb button_one_border_radius__hover_enabled=\u00a0\u00bboff\u00a0\u00bb button_one_border_radius__hover=\u00a0\u00bb0px\u00a0\u00bb button_two_border_radius__hover_enabled=\u00a0\u00bboff\u00a0\u00bb button_one_letter_spacing__hover_enabled=\u00a0\u00bbon\u00a0\u00bb button_one_letter_spacing__hover=\u00a0\u00bb4px\u00a0\u00bb button_two_letter_spacing__hover_enabled=\u00a0\u00bboff\u00a0\u00bb button_one_bg_color__hover_enabled=\u00a0\u00bbon|desktop\u00a0\u00bb button_one_bg_color__hover=\u00a0\u00bb#FFFFFF\u00a0\u00bb button_two_bg_color__hover_enabled=\u00a0\u00bboff\u00a0\u00bb button_one_bg_enable_color__hover=\u00a0\u00bbon\u00a0\u00bb sticky_enabled=\u00a0\u00bb0&Prime;][\/et_pb_fullwidth_header][\/et_pb_section][et_pb_section fb_built=\u00a0\u00bb1&Prime; _builder_version=\u00a0\u00bb4.9.7&Prime; background_color=\u00a0\u00bb#FFFFFF\u00a0\u00bb background_enable_image=\u00a0\u00bboff\u00a0\u00bb background_size=\u00a0\u00bbinitial\u00a0\u00bb background_position=\u00a0\u00bbtop_center\u00a0\u00bb custom_padding=\u00a0\u00bb||||false|false\u00a0\u00bb da_disable_devices=\u00a0\u00bboff|off|off\u00a0\u00bb da_is_popup=\u00a0\u00bboff\u00a0\u00bb da_exit_intent=\u00a0\u00bboff\u00a0\u00bb da_has_close=\u00a0\u00bbon\u00a0\u00bb da_alt_close=\u00a0\u00bboff\u00a0\u00bb da_dark_close=\u00a0\u00bboff\u00a0\u00bb da_not_modal=\u00a0\u00bbon\u00a0\u00bb da_is_singular=\u00a0\u00bboff\u00a0\u00bb da_with_loader=\u00a0\u00bboff\u00a0\u00bb da_has_shadow=\u00a0\u00bbon\u00a0\u00bb][et_pb_row column_structure=\u00a0\u00bb1_2,1_2&Prime; _builder_version=\u00a0\u00bb4.9.7&Prime; _module_preset=\u00a0\u00bbdefault\u00a0\u00bb width_phone=\u00a0\u00bb80%\u00a0\u00bb width_last_edited=\u00a0\u00bboff|tablet\u00a0\u00bb custom_margin=\u00a0\u00bb||||false|false\u00a0\u00bb custom_padding=\u00a0\u00bb||||false|false\u00a0\u00bb][et_pb_column type=\u00a0\u00bb1_2&Prime; _builder_version=\u00a0\u00bb4.9.7&Prime; _module_preset=\u00a0\u00bbdefault\u00a0\u00bb][diwg_divi_weather unit=\u00a0\u00bbmetric\u00a0\u00bb location_name=\u00a0\u00bbDun-sur-Meuse,FR\u00a0\u00bb data_component=\u00a0\u00bbon|on|on|on|on\u00a0\u00bb lang=\u00a0\u00bbfr\u00a0\u00bb current_icon_color=\u00a0\u00bb#F4BB57&Prime; current_icon_size=\u00a0\u00bb80px\u00a0\u00bb show_label=\u00a0\u00bboff\u00a0\u00bb _builder_version=\u00a0\u00bb4.9.7&Prime; _module_preset=\u00a0\u00bbdefault\u00a0\u00bb current_description_font=\u00a0\u00bbstrata|||on|||||\u00a0\u00bb current_description_text_align=\u00a0\u00bbcenter\u00a0\u00bb current_description_text_color=\u00a0\u00bb#F4BB57&Prime; current_description_font_size=\u00a0\u00bb22px\u00a0\u00bb current_description_letter_spacing=\u00a0\u00bb1px\u00a0\u00bb current_temperature_font=\u00a0\u00bbPoppins||||||||\u00a0\u00bb current_temperature_text_align=\u00a0\u00bbright\u00a0\u00bb current_temperature_text_color=\u00a0\u00bb#0A0000&Prime; current_temperature_font_size=\u00a0\u00bb50px\u00a0\u00bb current_temperature_letter_spacing=\u00a0\u00bb1px\u00a0\u00bb current_min_max_font=\u00a0\u00bbPoppins||||||||\u00a0\u00bb current_min_max_text_align=\u00a0\u00bbright\u00a0\u00bb current_min_max_text_color=\u00a0\u00bb#0A0000&Prime; current_humidity_font=\u00a0\u00bbPoppins||||||||\u00a0\u00bb current_humidity_text_align=\u00a0\u00bbcenter\u00a0\u00bb current_humidity_text_color=\u00a0\u00bb#0A0000&Prime; current_pressure_text_align=\u00a0\u00bbright\u00a0\u00bb current_pressure_text_color=\u00a0\u00bb#0A0000&Prime; current_wind_text_align=\u00a0\u00bbleft\u00a0\u00bb current_wind_text_color=\u00a0\u00bb#0A0000&Prime; forecast_date_text_align=\u00a0\u00bbcenter\u00a0\u00bb forecast_description_text_align=\u00a0\u00bbleft\u00a0\u00bb forecast_temperature_text_align=\u00a0\u00bbleft\u00a0\u00bb background_color=\u00a0\u00bb#FAFAFA\u00a0\u00bb custom_css_before=\u00a0\u00bb||color: #000;||content: &lsquo;DUN-SUR-MEUSE&rsquo;;||font-family: strata;||font-size: 24px;||display: inline-block;||padding: 20px 20px;||top: -15px;||left: 20px||||\u00a0\u00bb custom_css_current_weather=\u00a0\u00bb padding: 15px 15px 0px 15px;\u00a0\u00bb custom_css_additional_data=\u00a0\u00bbpadding: 50px 0px 0px 00px;\u00a0\u00bb border_radii=\u00a0\u00bbon|8px|8px|8px|8px\u00a0\u00bb custom_padding__hover_enabled=\u00a0\u00bboff|desktop\u00a0\u00bb][\/diwg_divi_weather][\/et_pb_column][et_pb_column type=\u00a0\u00bb1_2&Prime; _builder_version=\u00a0\u00bb4.9.7&Prime; _module_preset=\u00a0\u00bbdefault\u00a0\u00bb][diwg_divi_weather unit=\u00a0\u00bbmetric\u00a0\u00bb location_name=\u00a0\u00bbStenay,FR\u00a0\u00bb data_component=\u00a0\u00bbon|on|on|on|on\u00a0\u00bb lang=\u00a0\u00bbfr\u00a0\u00bb current_icon_color=\u00a0\u00bb#F4BB57&Prime; current_icon_size=\u00a0\u00bb80px\u00a0\u00bb show_label=\u00a0\u00bboff\u00a0\u00bb _builder_version=\u00a0\u00bb4.9.7&Prime; _module_preset=\u00a0\u00bbdefault\u00a0\u00bb current_description_font=\u00a0\u00bbstrata|||on|||||\u00a0\u00bb current_description_text_align=\u00a0\u00bbcenter\u00a0\u00bb current_description_text_color=\u00a0\u00bb#F4BB57&Prime; current_description_font_size=\u00a0\u00bb22px\u00a0\u00bb current_description_letter_spacing=\u00a0\u00bb1px\u00a0\u00bb current_temperature_font=\u00a0\u00bbPoppins||||||||\u00a0\u00bb current_temperature_text_align=\u00a0\u00bbright\u00a0\u00bb current_temperature_text_color=\u00a0\u00bb#0A0000&Prime; current_temperature_font_size=\u00a0\u00bb50px\u00a0\u00bb current_temperature_letter_spacing=\u00a0\u00bb1px\u00a0\u00bb current_min_max_font=\u00a0\u00bbPoppins||||||||\u00a0\u00bb current_min_max_text_align=\u00a0\u00bbright\u00a0\u00bb current_min_max_text_color=\u00a0\u00bb#0A0000&Prime; current_humidity_font=\u00a0\u00bbPoppins||||||||\u00a0\u00bb current_humidity_text_align=\u00a0\u00bbcenter\u00a0\u00bb current_humidity_text_color=\u00a0\u00bb#0A0000&Prime; current_pressure_text_align=\u00a0\u00bbright\u00a0\u00bb current_pressure_text_color=\u00a0\u00bb#0A0000&Prime; current_wind_text_align=\u00a0\u00bbleft\u00a0\u00bb current_wind_text_color=\u00a0\u00bb#0A0000&Prime; forecast_date_text_align=\u00a0\u00bbcenter\u00a0\u00bb forecast_description_text_align=\u00a0\u00bbleft\u00a0\u00bb forecast_temperature_text_align=\u00a0\u00bbleft\u00a0\u00bb background_color=\u00a0\u00bb#FAFAFA\u00a0\u00bb custom_css_before=\u00a0\u00bb||color: #000;||content: &lsquo;STENAY&rsquo;;||font-family: strata;||font-size: 24px;||display: inline-block;||padding: 20px 20px;||top: -15px;||left: 20px||||\u00a0\u00bb custom_css_current_weather=\u00a0\u00bb padding: 15px 15px 0px 15px;\u00a0\u00bb custom_css_additional_data=\u00a0\u00bbpadding: 50px 0px 0px 00px;\u00a0\u00bb border_radii=\u00a0\u00bbon|8px|8px|8px|8px\u00a0\u00bb custom_padding__hover_enabled=\u00a0\u00bboff|desktop\u00a0\u00bb][\/diwg_divi_weather][\/et_pb_column][\/et_pb_row][et_pb_row _builder_version=\u00a0\u00bb4.9.7&Prime; _module_preset=\u00a0\u00bbdefault\u00a0\u00bb width_phone=\u00a0\u00bb80%\u00a0\u00bb width_last_edited=\u00a0\u00bboff|tablet\u00a0\u00bb custom_margin=\u00a0\u00bb||||false|false\u00a0\u00bb custom_padding=\u00a0\u00bb||||false|false\u00a0\u00bb][et_pb_column type=\u00a0\u00bb4_4&Prime; _builder_version=\u00a0\u00bb4.9.7&Prime; _module_preset=\u00a0\u00bbdefault\u00a0\u00bb][diwg_divi_weather unit=\u00a0\u00bbmetric\u00a0\u00bb layout_forecast=\u00a0\u00bbgrid\u00a0\u00bb date_format=\u00a0\u00bbd \u00a0\u00bb location_name=\u00a0\u00bbMeuse,FR\u00a0\u00bb show_weather_current=\u00a0\u00bboff\u00a0\u00bb show_weather_forecast=\u00a0\u00bbon\u00a0\u00bb lang=\u00a0\u00bbfr\u00a0\u00bb forecast_icon_color=\u00a0\u00bb#F4BB57&Prime; forecast_icon_size=\u00a0\u00bb40px\u00a0\u00bb _builder_version=\u00a0\u00bb4.9.7&Prime; _module_preset=\u00a0\u00bbdefault\u00a0\u00bb current_description_font=\u00a0\u00bbstrata|||on|||||\u00a0\u00bb current_description_text_align=\u00a0\u00bbcenter\u00a0\u00bb current_description_text_color=\u00a0\u00bb#0A0000&Prime; current_description_font_size=\u00a0\u00bb22px\u00a0\u00bb current_description_letter_spacing=\u00a0\u00bb1px\u00a0\u00bb current_temperature_font=\u00a0\u00bbstrata||||||||\u00a0\u00bb current_temperature_text_align=\u00a0\u00bbcenter\u00a0\u00bb current_temperature_text_color=\u00a0\u00bb#0A0000&Prime; current_temperature_font_size=\u00a0\u00bb34px\u00a0\u00bb current_temperature_letter_spacing=\u00a0\u00bb1px\u00a0\u00bb current_min_max_font=\u00a0\u00bbPoppins||||||||\u00a0\u00bb current_min_max_text_align=\u00a0\u00bbright\u00a0\u00bb current_min_max_text_color=\u00a0\u00bb#0A0000&Prime; current_humidity_font=\u00a0\u00bbPoppins||||||||\u00a0\u00bb current_humidity_text_align=\u00a0\u00bbcenter\u00a0\u00bb current_humidity_text_color=\u00a0\u00bb#0A0000&Prime; current_pressure_text_align=\u00a0\u00bbright\u00a0\u00bb current_pressure_text_color=\u00a0\u00bb#0A0000&Prime; current_wind_text_align=\u00a0\u00bbleft\u00a0\u00bb current_wind_text_color=\u00a0\u00bb#0A0000&Prime; forecast_date_font=\u00a0\u00bbstrata||||||||\u00a0\u00bb forecast_date_text_align=\u00a0\u00bbcenter\u00a0\u00bb forecast_date_text_color=\u00a0\u00bb#0A0000&Prime; forecast_date_font_size=\u00a0\u00bb22px\u00a0\u00bb forecast_description_font=\u00a0\u00bbPoppins||||||||\u00a0\u00bb forecast_description_text_align=\u00a0\u00bbcenter\u00a0\u00bb forecast_description_text_color=\u00a0\u00bb#0A0000&Prime; forecast_temperature_text_align=\u00a0\u00bbcenter\u00a0\u00bb forecast_temperature_text_color=\u00a0\u00bb#0A0000&Prime; forecast_temperature_font_size=\u00a0\u00bb22px\u00a0\u00bb background_color=\u00a0\u00bb#FAFAFA\u00a0\u00bb custom_css_before=\u00a0\u00bbcolor: #000;||content: &lsquo;DANS LES PROCHAINS JOURS&rsquo;;||font-family: strata;||font-size: 24px;||display: inline-block;||padding: 20px 20px;||top: -15px;||left: 20px\u00a0\u00bb custom_css_forecast_list_item=\u00a0\u00bbpadding: 20px;\u00a0\u00bb custom_css_forecast_list_item_icon=\u00a0\u00bbpadding: 20px;\u00a0\u00bb border_radii=\u00a0\u00bbon|8px|8px|8px|8px\u00a0\u00bb][\/diwg_divi_weather][\/et_pb_column][\/et_pb_row][\/et_pb_section]<\/p>\n","protected":false},"excerpt":{"rendered":"<div class=\"et_pb_module diwg_divi_weather diwg_divi_weather_0\">\n\t\t\t\t\n\t\t\t\t\n\t\t\t\t\n\t\t\t\t\n\t\t\t\t\n\t\t\t\t\n\t\t\t\t<div class=\"et_pb_module_inner\">\n\t\t\t\t\t<div class=\"et_pb_weather__container\">\n\t\t\t\t\t<div class=\"et_pb_weather__error\">\n\t\t\t\t\t\tcity not found\n\t\t\t\t\t<\/div>\n\t\t\t\t<\/div>\n\t\t\t\t<\/div>\n\t\t\t<\/div>","protected":false},"author":1,"featured_media":0,"parent":0,"menu_order":0,"comment_status":"closed","ping_status":"closed","template":"","meta":{"_et_pb_use_builder":"on","_et_pb_old_content":"","_et_gb_content_width":"","inline_featured_image":false,"footnotes":""},"class_list":["post-414","page","type-page","status-publish","hentry"],"yoast_head":"<!-- This site is optimized with the Yoast SEO plugin v27.3 - https:\/\/yoast.com\/product\/yoast-seo-wordpress\/ -->\n<title>M\u00e9t\u00e9o &#8212; Office de tourisme des Monts et Vall\u00e9es de Meuse<\/title>\n<meta name=\"description\" content=\"Quel temps fait-il ? Avec le soleil ou sans, les Monts et Vall\u00e9es de Meuse n\u2019ont pas fini de vous surprendre.\" \/>\n<meta name=\"robots\" content=\"index, follow, max-snippet:-1, max-image-preview:large, max-video-preview:-1\" \/>\n<link rel=\"canonical\" href=\"https:\/\/montsetvalleesdemeuse.com\/en\/meteo\/\" \/>\n<meta property=\"og:locale\" content=\"en_GB\" \/>\n<meta property=\"og:type\" content=\"article\" \/>\n<meta property=\"og:title\" content=\"M\u00e9t\u00e9o &#8212; Office de tourisme des Monts et Vall\u00e9es de Meuse\" \/>\n<meta property=\"og:description\" content=\"Quel temps fait-il ? Avec le soleil ou sans, les Monts et Vall\u00e9es de Meuse n\u2019ont pas fini de vous surprendre.\" \/>\n<meta property=\"og:url\" content=\"https:\/\/montsetvalleesdemeuse.com\/en\/meteo\/\" \/>\n<meta property=\"og:site_name\" content=\"Monts et Vall\u00e9es de Meuse\" \/>\n<meta property=\"article:publisher\" content=\"https:\/\/www.facebook.com\/stenayvaldunoistourisme\" \/>\n<meta property=\"article:modified_time\" content=\"2021-07-12T17:02:04+00:00\" \/>\n<meta name=\"twitter:card\" content=\"summary_large_image\" \/>\n<meta name=\"twitter:label1\" content=\"Estimated reading time\" \/>\n\t<meta name=\"twitter:data1\" content=\"2 minutes\" \/>\n<script type=\"application\/ld+json\" class=\"yoast-schema-graph\">{\"@context\":\"https:\\\/\\\/schema.org\",\"@graph\":[{\"@type\":\"WebPage\",\"@id\":\"https:\\\/\\\/montsetvalleesdemeuse.com\\\/en\\\/meteo\\\/\",\"url\":\"https:\\\/\\\/montsetvalleesdemeuse.com\\\/en\\\/meteo\\\/\",\"name\":\"M\u00e9t\u00e9o &#8212; Office de tourisme des Monts et Vall\u00e9es de Meuse\",\"isPartOf\":{\"@id\":\"https:\\\/\\\/montsetvalleesdemeuse.com\\\/#website\"},\"datePublished\":\"2021-06-21T13:35:51+00:00\",\"dateModified\":\"2021-07-12T17:02:04+00:00\",\"description\":\"Quel temps fait-il ? Avec le soleil ou sans, les Monts et Vall\u00e9es de Meuse n\u2019ont pas fini de vous surprendre.\",\"breadcrumb\":{\"@id\":\"https:\\\/\\\/montsetvalleesdemeuse.com\\\/en\\\/meteo\\\/#breadcrumb\"},\"inLanguage\":\"en-GB\",\"potentialAction\":[{\"@type\":\"ReadAction\",\"target\":[\"https:\\\/\\\/montsetvalleesdemeuse.com\\\/en\\\/meteo\\\/\"]}]},{\"@type\":\"BreadcrumbList\",\"@id\":\"https:\\\/\\\/montsetvalleesdemeuse.com\\\/en\\\/meteo\\\/#breadcrumb\",\"itemListElement\":[{\"@type\":\"ListItem\",\"position\":1,\"name\":\"Accueil\",\"item\":\"https:\\\/\\\/montsetvalleesdemeuse.com\\\/\"},{\"@type\":\"ListItem\",\"position\":2,\"name\":\"M\u00e9t\u00e9o\"}]},{\"@type\":\"WebSite\",\"@id\":\"https:\\\/\\\/montsetvalleesdemeuse.com\\\/#website\",\"url\":\"https:\\\/\\\/montsetvalleesdemeuse.com\\\/\",\"name\":\"Monts et Vall\u00e9es de Meuse\",\"description\":\"Authentique par nature\",\"publisher\":{\"@id\":\"https:\\\/\\\/montsetvalleesdemeuse.com\\\/#organization\"},\"potentialAction\":[{\"@type\":\"SearchAction\",\"target\":{\"@type\":\"EntryPoint\",\"urlTemplate\":\"https:\\\/\\\/montsetvalleesdemeuse.com\\\/?s={search_term_string}\"},\"query-input\":{\"@type\":\"PropertyValueSpecification\",\"valueRequired\":true,\"valueName\":\"search_term_string\"}}],\"inLanguage\":\"en-GB\"},{\"@type\":\"Organization\",\"@id\":\"https:\\\/\\\/montsetvalleesdemeuse.com\\\/#organization\",\"name\":\"Monts et Vall\u00e9es de Meuse\",\"url\":\"https:\\\/\\\/montsetvalleesdemeuse.com\\\/\",\"logo\":{\"@type\":\"ImageObject\",\"inLanguage\":\"en-GB\",\"@id\":\"https:\\\/\\\/montsetvalleesdemeuse.com\\\/#\\\/schema\\\/logo\\\/image\\\/\",\"url\":\"https:\\\/\\\/montsetvalleesdemeuse.com\\\/wp-content\\\/uploads\\\/2021\\\/06\\\/logo_header_2.png\",\"contentUrl\":\"https:\\\/\\\/montsetvalleesdemeuse.com\\\/wp-content\\\/uploads\\\/2021\\\/06\\\/logo_header_2.png\",\"width\":250,\"height\":49,\"caption\":\"Monts et Vall\u00e9es de Meuse\"},\"image\":{\"@id\":\"https:\\\/\\\/montsetvalleesdemeuse.com\\\/#\\\/schema\\\/logo\\\/image\\\/\"},\"sameAs\":[\"https:\\\/\\\/www.facebook.com\\\/stenayvaldunoistourisme\",\"https:\\\/\\\/www.instagram.com\\\/stenayvaldunoistourisme\\\/?hl=fr\",\"https:\\\/\\\/www.youtube.com\\\/channel\\\/UCbG3Y5KAmi9RViPfAd_lb0A\"]}]}<\/script>\n<!-- \/ Yoast SEO plugin. -->","yoast_head_json":{"title":"M\u00e9t\u00e9o &#8212; Office de tourisme des Monts et Vall\u00e9es de Meuse","description":"Quel temps fait-il ? Avec le soleil ou sans, les Monts et Vall\u00e9es de Meuse n\u2019ont pas fini de vous surprendre.","robots":{"index":"index","follow":"follow","max-snippet":"max-snippet:-1","max-image-preview":"max-image-preview:large","max-video-preview":"max-video-preview:-1"},"canonical":"https:\/\/montsetvalleesdemeuse.com\/en\/meteo\/","og_locale":"en_GB","og_type":"article","og_title":"M\u00e9t\u00e9o &#8212; Office de tourisme des Monts et Vall\u00e9es de Meuse","og_description":"Quel temps fait-il ? Avec le soleil ou sans, les Monts et Vall\u00e9es de Meuse n\u2019ont pas fini de vous surprendre.","og_url":"https:\/\/montsetvalleesdemeuse.com\/en\/meteo\/","og_site_name":"Monts et Vall\u00e9es de Meuse","article_publisher":"https:\/\/www.facebook.com\/stenayvaldunoistourisme","article_modified_time":"2021-07-12T17:02:04+00:00","twitter_card":"summary_large_image","twitter_misc":{"Estimated reading time":"2 minutes"},"schema":{"@context":"https:\/\/schema.org","@graph":[{"@type":"WebPage","@id":"https:\/\/montsetvalleesdemeuse.com\/en\/meteo\/","url":"https:\/\/montsetvalleesdemeuse.com\/en\/meteo\/","name":"M\u00e9t\u00e9o &#8212; Office de tourisme des Monts et Vall\u00e9es de Meuse","isPartOf":{"@id":"https:\/\/montsetvalleesdemeuse.com\/#website"},"datePublished":"2021-06-21T13:35:51+00:00","dateModified":"2021-07-12T17:02:04+00:00","description":"Quel temps fait-il ? Avec le soleil ou sans, les Monts et Vall\u00e9es de Meuse n\u2019ont pas fini de vous surprendre.","breadcrumb":{"@id":"https:\/\/montsetvalleesdemeuse.com\/en\/meteo\/#breadcrumb"},"inLanguage":"en-GB","potentialAction":[{"@type":"ReadAction","target":["https:\/\/montsetvalleesdemeuse.com\/en\/meteo\/"]}]},{"@type":"BreadcrumbList","@id":"https:\/\/montsetvalleesdemeuse.com\/en\/meteo\/#breadcrumb","itemListElement":[{"@type":"ListItem","position":1,"name":"Accueil","item":"https:\/\/montsetvalleesdemeuse.com\/"},{"@type":"ListItem","position":2,"name":"M\u00e9t\u00e9o"}]},{"@type":"WebSite","@id":"https:\/\/montsetvalleesdemeuse.com\/#website","url":"https:\/\/montsetvalleesdemeuse.com\/","name":"Monts et Vall\u00e9es de Meuse","description":"Naturally authentic","publisher":{"@id":"https:\/\/montsetvalleesdemeuse.com\/#organization"},"potentialAction":[{"@type":"SearchAction","target":{"@type":"EntryPoint","urlTemplate":"https:\/\/montsetvalleesdemeuse.com\/?s={search_term_string}"},"query-input":{"@type":"PropertyValueSpecification","valueRequired":true,"valueName":"search_term_string"}}],"inLanguage":"en-GB"},{"@type":"Organization","@id":"https:\/\/montsetvalleesdemeuse.com\/#organization","name":"Monts et Vall\u00e9es de Meuse","url":"https:\/\/montsetvalleesdemeuse.com\/","logo":{"@type":"ImageObject","inLanguage":"en-GB","@id":"https:\/\/montsetvalleesdemeuse.com\/#\/schema\/logo\/image\/","url":"https:\/\/montsetvalleesdemeuse.com\/wp-content\/uploads\/2021\/06\/logo_header_2.png","contentUrl":"https:\/\/montsetvalleesdemeuse.com\/wp-content\/uploads\/2021\/06\/logo_header_2.png","width":250,"height":49,"caption":"Monts et Vall\u00e9es de Meuse"},"image":{"@id":"https:\/\/montsetvalleesdemeuse.com\/#\/schema\/logo\/image\/"},"sameAs":["https:\/\/www.facebook.com\/stenayvaldunoistourisme","https:\/\/www.instagram.com\/stenayvaldunoistourisme\/?hl=fr","https:\/\/www.youtube.com\/channel\/UCbG3Y5KAmi9RViPfAd_lb0A"]}]}},"jetpack_sharing_enabled":true,"_links":{"self":[{"href":"https:\/\/montsetvalleesdemeuse.com\/en\/wp-json\/wp\/v2\/pages\/414","targetHints":{"allow":["GET"]}}],"collection":[{"href":"https:\/\/montsetvalleesdemeuse.com\/en\/wp-json\/wp\/v2\/pages"}],"about":[{"href":"https:\/\/montsetvalleesdemeuse.com\/en\/wp-json\/wp\/v2\/types\/page"}],"author":[{"embeddable":true,"href":"https:\/\/montsetvalleesdemeuse.com\/en\/wp-json\/wp\/v2\/users\/1"}],"replies":[{"embeddable":true,"href":"https:\/\/montsetvalleesdemeuse.com\/en\/wp-json\/wp\/v2\/comments?post=414"}],"version-history":[{"count":0,"href":"https:\/\/montsetvalleesdemeuse.com\/en\/wp-json\/wp\/v2\/pages\/414\/revisions"}],"wp:attachment":[{"href":"https:\/\/montsetvalleesdemeuse.com\/en\/wp-json\/wp\/v2\/media?parent=414"}],"curies":[{"name":"wp","href":"https:\/\/api.w.org\/{rel}","templated":true}]}}