{"id":1056,"date":"2021-06-24T17:53:43","date_gmt":"2021-06-24T15:53:43","guid":{"rendered":"https:\/\/montsetvalleesdemeuse.com\/?page_id=1056"},"modified":"2023-08-26T15:44:27","modified_gmt":"2023-08-26T13:44:27","slug":"espace-professionnel","status":"publish","type":"page","link":"https:\/\/montsetvalleesdemeuse.com\/en\/espace-professionnel\/","title":{"rendered":"Espace pro"},"content":{"rendered":"<p>[et_pb_section fb_built=\u00a0\u00bb1&Prime; fullwidth=\u00a0\u00bbon\u00a0\u00bb admin_label=\u00a0\u00bbHero Section\u00a0\u00bb _builder_version=\u00a0\u00bb4.16&Prime; background_enable_color=\u00a0\u00bboff\u00a0\u00bb custom_padding=\u00a0\u00bb0px|0px|0px|0px\u00a0\u00bb da_disable_devices=\u00a0\u00bboff|off|off\u00a0\u00bb global_colors_info=\u00a0\u00bb{}\u00a0\u00bb da_is_popup=\u00a0\u00bboff\u00a0\u00bb da_exit_intent=\u00a0\u00bboff\u00a0\u00bb da_has_close=\u00a0\u00bbon\u00a0\u00bb da_alt_close=\u00a0\u00bboff\u00a0\u00bb da_dark_close=\u00a0\u00bboff\u00a0\u00bb da_not_modal=\u00a0\u00bbon\u00a0\u00bb da_is_singular=\u00a0\u00bboff\u00a0\u00bb da_with_loader=\u00a0\u00bboff\u00a0\u00bb da_has_shadow=\u00a0\u00bbon\u00a0\u00bb][et_pb_fullwidth_header title=\u00a0\u00bbespace pro\u00a0\u00bb button_one_url=\u00a0\u00bbhttps:\/\/www.youtube.com\/watch?v=HBJJ9lfk1qA&#038;t=16s\u00a0\u00bb background_overlay_color=\u00a0\u00bbRGBA(0,0,0,0)\u00a0\u00bb content_max_width=\u00a0\u00bb50%\u00a0\u00bb content_max_width_tablet=\u00a0\u00bb80%\u00a0\u00bb content_max_width_phone=\u00a0\u00bb100%\u00a0\u00bb content_max_width_last_edited=\u00a0\u00bbon|phone\u00a0\u00bb admin_label=\u00a0\u00bbHero\u00a0\u00bb _builder_version=\u00a0\u00bb4.16&Prime; content_font=\u00a0\u00bbPoppins||||||||\u00a0\u00bb content_text_align=\u00a0\u00bbleft\u00a0\u00bb content_font_size=\u00a0\u00bb16px\u00a0\u00bb use_background_color_gradient=\u00a0\u00bbon\u00a0\u00bb background_color_gradient_stops=\u00a0\u00bbrgba(10,0,0,0.3) 0%|rgba(10,0,0,0.3) 100%\u00a0\u00bb background_color_gradient_overlays_image=\u00a0\u00bbon\u00a0\u00bb background_color_gradient_start=\u00a0\u00bbrgba(10,0,0,0.3)\u00a0\u00bb background_color_gradient_end=\u00a0\u00bbrgba(10,0,0,0.3)\u00a0\u00bb background_image=\u00a0\u00bbhttps:\/\/montsetvalleesdemeuse.com\/wp-content\/uploads\/2021\/06\/P1040770.jpg\u00a0\u00bb module_alignment=\u00a0\u00bbcenter\u00a0\u00bb custom_margin=\u00a0\u00bb||||false|false\u00a0\u00bb custom_padding=\u00a0\u00bb||||false|false\u00a0\u00bb content_text_align_tablet=\u00a0\u00bbleft\u00a0\u00bb content_text_align_phone=\u00a0\u00bbjustify\u00a0\u00bb content_text_align_last_edited=\u00a0\u00bbon|phone\u00a0\u00bb button_one_text_color_hover=\u00a0\u00bb#ffffff\u00a0\u00bb button_one_border_color_hover=\u00a0\u00bb#ffffff\u00a0\u00bb button_one_border_radius_hover=\u00a0\u00bb0px\u00a0\u00bb button_one_letter_spacing_hover=\u00a0\u00bb4px\u00a0\u00bb button_one_bg_color_hover=\u00a0\u00bbrgba(0,0,0,0)\u00a0\u00bb global_colors_info=\u00a0\u00bb{}\u00a0\u00bb button_one_text_size__hover_enabled=\u00a0\u00bboff\u00a0\u00bb button_two_text_size__hover_enabled=\u00a0\u00bboff\u00a0\u00bb button_two_text_color__hover_enabled=\u00a0\u00bboff\u00a0\u00bb button_one_border_width__hover_enabled=\u00a0\u00bboff\u00a0\u00bb button_two_border_width__hover_enabled=\u00a0\u00bboff\u00a0\u00bb button_two_border_color__hover_enabled=\u00a0\u00bboff\u00a0\u00bb button_one_border_radius__hover_enabled=\u00a0\u00bboff\u00a0\u00bb button_one_border_radius__hover=\u00a0\u00bb0px\u00a0\u00bb button_two_border_radius__hover_enabled=\u00a0\u00bboff\u00a0\u00bb button_two_letter_spacing__hover_enabled=\u00a0\u00bboff\u00a0\u00bb button_two_bg_color__hover_enabled=\u00a0\u00bboff\u00a0\u00bb button_one_bg_enable_color__hover=\u00a0\u00bbon\u00a0\u00bb][\/et_pb_fullwidth_header][\/et_pb_section][et_pb_section fb_built=\u00a0\u00bb1&Prime; admin_label=\u00a0\u00bbSection\u00a0\u00bb module_id=\u00a0\u00bbequipe\u00a0\u00bb _builder_version=\u00a0\u00bb4.16&Prime; background_color=\u00a0\u00bb#FFFFFF\u00a0\u00bb background_enable_image=\u00a0\u00bboff\u00a0\u00bb background_size=\u00a0\u00bbinitial\u00a0\u00bb background_position=\u00a0\u00bbtop_center\u00a0\u00bb custom_padding=\u00a0\u00bb||||false|false\u00a0\u00bb hover_enabled=\u00a0\u00bb0&Prime; da_popup_slug=\u00a0\u00bbequipe\u00a0\u00bb da_disable_devices=\u00a0\u00bboff|off|off\u00a0\u00bb global_colors_info=\u00a0\u00bb{}\u00a0\u00bb sticky_enabled=\u00a0\u00bb0&Prime; da_is_popup=\u00a0\u00bboff\u00a0\u00bb da_exit_intent=\u00a0\u00bboff\u00a0\u00bb da_has_close=\u00a0\u00bbon\u00a0\u00bb da_alt_close=\u00a0\u00bboff\u00a0\u00bb da_dark_close=\u00a0\u00bboff\u00a0\u00bb da_not_modal=\u00a0\u00bbon\u00a0\u00bb da_is_singular=\u00a0\u00bboff\u00a0\u00bb da_with_loader=\u00a0\u00bboff\u00a0\u00bb da_has_shadow=\u00a0\u00bbon\u00a0\u00bb][et_pb_row column_structure=\u00a0\u00bb1_4,3_4&Prime; _builder_version=\u00a0\u00bb4.16&Prime; _module_preset=\u00a0\u00bbdefault\u00a0\u00bb width=\u00a0\u00bb65%\u00a0\u00bb width_tablet=\u00a0\u00bb\u00a0\u00bb width_phone=\u00a0\u00bb80%\u00a0\u00bb width_last_edited=\u00a0\u00bbon|phone\u00a0\u00bb max_width=\u00a0\u00bb100%\u00a0\u00bb custom_margin=\u00a0\u00bb||||false|false\u00a0\u00bb custom_padding=\u00a0\u00bb||||false|false\u00a0\u00bb global_colors_info=\u00a0\u00bb{}\u00a0\u00bb][et_pb_column type=\u00a0\u00bb1_4&Prime; module_class=\u00a0\u00bbpa-text-over-image\u00a0\u00bb _builder_version=\u00a0\u00bb4.16&Prime; _module_preset=\u00a0\u00bbdefault\u00a0\u00bb global_colors_info=\u00a0\u00bb{}\u00a0\u00bb][et_pb_button button_url=\u00a0\u00bb#ambassadeurs\u00a0\u00bb button_text=\u00a0\u00bbambassadeurs\u00a0\u00bb button_alignment=\u00a0\u00bbcenter\u00a0\u00bb admin_label=\u00a0\u00bbGallery Button\u00a0\u00bb _builder_version=\u00a0\u00bb4.16&Prime; custom_button=\u00a0\u00bbon\u00a0\u00bb button_text_color=\u00a0\u00bb#137679&Prime; button_bg_color=\u00a0\u00bbRGBA(0,0,0,0)\u00a0\u00bb button_border_width=\u00a0\u00bb2px\u00a0\u00bb button_border_color=\u00a0\u00bb#137679&Prime; button_border_radius=\u00a0\u00bb4px\u00a0\u00bb button_letter_spacing=\u00a0\u00bb2px\u00a0\u00bb button_font=\u00a0\u00bbstrata|700||on|||||\u00a0\u00bb button_use_icon=\u00a0\u00bboff\u00a0\u00bb button_text_size_tablet=\u00a0\u00bb18px\u00a0\u00bb button_text_size_phone=\u00a0\u00bb16px\u00a0\u00bb button_text_size_last_edited=\u00a0\u00bbon|phone\u00a0\u00bb button_border_color_hover=\u00a0\u00bb#1a1a1a\u00a0\u00bb button_border_radius_hover=\u00a0\u00bb0px\u00a0\u00bb button_letter_spacing_hover=\u00a0\u00bb4px\u00a0\u00bb button_bg_color_hover=\u00a0\u00bbrgba(0,0,0,0)\u00a0\u00bb global_colors_info=\u00a0\u00bb{}\u00a0\u00bb button_text_size__hover_enabled=\u00a0\u00bboff\u00a0\u00bb button_one_text_size__hover_enabled=\u00a0\u00bboff\u00a0\u00bb button_two_text_size__hover_enabled=\u00a0\u00bboff\u00a0\u00bb button_text_color__hover_enabled=\u00a0\u00bbon|desktop\u00a0\u00bb button_one_text_color__hover_enabled=\u00a0\u00bboff\u00a0\u00bb button_two_text_color__hover_enabled=\u00a0\u00bboff\u00a0\u00bb button_border_width__hover_enabled=\u00a0\u00bboff\u00a0\u00bb button_one_border_width__hover_enabled=\u00a0\u00bboff\u00a0\u00bb button_two_border_width__hover_enabled=\u00a0\u00bboff\u00a0\u00bb button_border_color__hover_enabled=\u00a0\u00bbon|desktop\u00a0\u00bb button_border_color__hover=\u00a0\u00bb#137679&Prime; button_one_border_color__hover_enabled=\u00a0\u00bboff\u00a0\u00bb button_two_border_color__hover_enabled=\u00a0\u00bboff\u00a0\u00bb button_border_radius__hover_enabled=\u00a0\u00bboff|desktop\u00a0\u00bb button_border_radius__hover=\u00a0\u00bb0px\u00a0\u00bb button_one_border_radius__hover_enabled=\u00a0\u00bboff\u00a0\u00bb button_two_border_radius__hover_enabled=\u00a0\u00bboff\u00a0\u00bb button_letter_spacing__hover_enabled=\u00a0\u00bbon\u00a0\u00bb button_letter_spacing__hover=\u00a0\u00bb4px\u00a0\u00bb button_one_letter_spacing__hover_enabled=\u00a0\u00bboff\u00a0\u00bb button_two_letter_spacing__hover_enabled=\u00a0\u00bboff\u00a0\u00bb button_bg_color__hover_enabled=\u00a0\u00bbon|desktop\u00a0\u00bb button_bg_color__hover=\u00a0\u00bb#137679&Prime; button_one_bg_color__hover_enabled=\u00a0\u00bboff\u00a0\u00bb button_two_bg_color__hover_enabled=\u00a0\u00bboff\u00a0\u00bb button_bg_enable_color__hover=\u00a0\u00bbon\u00a0\u00bb button_text_color__hover=\u00a0\u00bb#FAFAFA\u00a0\u00bb][\/et_pb_button][\/et_pb_column][et_pb_column type=\u00a0\u00bb3_4&Prime; module_class=\u00a0\u00bbpa-text-over-image\u00a0\u00bb _builder_version=\u00a0\u00bb4.16&Prime; _module_preset=\u00a0\u00bbdefault\u00a0\u00bb global_colors_info=\u00a0\u00bb{}\u00a0\u00bb][et_pb_button button_url=\u00a0\u00bb#brochures\u00a0\u00bb button_text=\u00a0\u00bbbrochures\u00a0\u00bb button_alignment=\u00a0\u00bbcenter\u00a0\u00bb admin_label=\u00a0\u00bbGallery Button\u00a0\u00bb _builder_version=\u00a0\u00bb4.22.1&Prime; custom_button=\u00a0\u00bbon\u00a0\u00bb button_text_color=\u00a0\u00bb#137679&Prime; button_bg_color=\u00a0\u00bbRGBA(0,0,0,0)\u00a0\u00bb button_border_width=\u00a0\u00bb2px\u00a0\u00bb button_border_color=\u00a0\u00bb#137679&Prime; button_border_radius=\u00a0\u00bb4px\u00a0\u00bb button_letter_spacing=\u00a0\u00bb2px\u00a0\u00bb button_font=\u00a0\u00bbstrata|700||on|||||\u00a0\u00bb button_use_icon=\u00a0\u00bboff\u00a0\u00bb hover_enabled=\u00a0\u00bb0&Prime; button_text_size_tablet=\u00a0\u00bb18px\u00a0\u00bb button_text_size_phone=\u00a0\u00bb16px\u00a0\u00bb button_text_size_last_edited=\u00a0\u00bbon|phone\u00a0\u00bb button_border_color_hover=\u00a0\u00bb#1a1a1a\u00a0\u00bb button_border_radius_hover=\u00a0\u00bb0px\u00a0\u00bb button_letter_spacing_hover=\u00a0\u00bb4px\u00a0\u00bb button_bg_color_hover=\u00a0\u00bbrgba(0,0,0,0)\u00a0\u00bb global_colors_info=\u00a0\u00bb{}\u00a0\u00bb button_text_size__hover_enabled=\u00a0\u00bboff\u00a0\u00bb button_one_text_size__hover_enabled=\u00a0\u00bboff\u00a0\u00bb button_two_text_size__hover_enabled=\u00a0\u00bboff\u00a0\u00bb button_text_color__hover_enabled=\u00a0\u00bbon|desktop\u00a0\u00bb button_one_text_color__hover_enabled=\u00a0\u00bboff\u00a0\u00bb button_two_text_color__hover_enabled=\u00a0\u00bboff\u00a0\u00bb button_border_width__hover_enabled=\u00a0\u00bboff\u00a0\u00bb button_one_border_width__hover_enabled=\u00a0\u00bboff\u00a0\u00bb button_two_border_width__hover_enabled=\u00a0\u00bboff\u00a0\u00bb button_border_color__hover_enabled=\u00a0\u00bbon|desktop\u00a0\u00bb button_border_color__hover=\u00a0\u00bb#137679&Prime; button_one_border_color__hover_enabled=\u00a0\u00bboff\u00a0\u00bb button_two_border_color__hover_enabled=\u00a0\u00bboff\u00a0\u00bb button_border_radius__hover_enabled=\u00a0\u00bboff|desktop\u00a0\u00bb button_border_radius__hover=\u00a0\u00bb0px\u00a0\u00bb button_one_border_radius__hover_enabled=\u00a0\u00bboff\u00a0\u00bb button_two_border_radius__hover_enabled=\u00a0\u00bboff\u00a0\u00bb button_letter_spacing__hover_enabled=\u00a0\u00bbon\u00a0\u00bb button_letter_spacing__hover=\u00a0\u00bb4px\u00a0\u00bb button_one_letter_spacing__hover_enabled=\u00a0\u00bboff\u00a0\u00bb button_two_letter_spacing__hover_enabled=\u00a0\u00bboff\u00a0\u00bb button_bg_color__hover_enabled=\u00a0\u00bbon|desktop\u00a0\u00bb button_bg_color__hover=\u00a0\u00bb#137679&Prime; button_one_bg_color__hover_enabled=\u00a0\u00bboff\u00a0\u00bb button_two_bg_color__hover_enabled=\u00a0\u00bboff\u00a0\u00bb button_bg_enable_color__hover=\u00a0\u00bbon\u00a0\u00bb button_text_color__hover=\u00a0\u00bb#FAFAFA\u00a0\u00bb sticky_enabled=\u00a0\u00bb0&Prime;][\/et_pb_button][\/et_pb_column][\/et_pb_row][\/et_pb_section][et_pb_section fb_built=\u00a0\u00bb1&Prime; admin_label=\u00a0\u00bbPopup &#8211; #ambassadeurs\u00a0\u00bb module_id=\u00a0\u00bbambassadeurs\u00a0\u00bb module_class=\u00a0\u00bbpopup\u00a0\u00bb _builder_version=\u00a0\u00bb4.16&Prime; _module_preset=\u00a0\u00bbdefault\u00a0\u00bb da_is_popup=\u00a0\u00bbon\u00a0\u00bb da_popup_slug=\u00a0\u00bbambassadeurs\u00a0\u00bb da_disable_devices=\u00a0\u00bboff|off|off\u00a0\u00bb locked=\u00a0\u00bboff\u00a0\u00bb global_colors_info=\u00a0\u00bb{}\u00a0\u00bb da_exit_intent=\u00a0\u00bboff\u00a0\u00bb da_has_close=\u00a0\u00bbon\u00a0\u00bb da_alt_close=\u00a0\u00bboff\u00a0\u00bb da_dark_close=\u00a0\u00bboff\u00a0\u00bb da_not_modal=\u00a0\u00bbon\u00a0\u00bb da_is_singular=\u00a0\u00bboff\u00a0\u00bb da_with_loader=\u00a0\u00bboff\u00a0\u00bb da_has_shadow=\u00a0\u00bbon\u00a0\u00bb][et_pb_row _builder_version=\u00a0\u00bb4.16&Prime; _module_preset=\u00a0\u00bbdefault\u00a0\u00bb global_colors_info=\u00a0\u00bb{}\u00a0\u00bb][et_pb_column type=\u00a0\u00bb4_4&Prime; _builder_version=\u00a0\u00bb4.16&Prime; _module_preset=\u00a0\u00bbdefault\u00a0\u00bb global_colors_info=\u00a0\u00bb{}\u00a0\u00bb][et_pb_text admin_label=\u00a0\u00bbDiscover Beatuty Title\u00a0\u00bb _builder_version=\u00a0\u00bb4.16&Prime; header_2_text_align=\u00a0\u00bbcenter\u00a0\u00bb header_2_font_size=\u00a0\u00bb1em\u00a0\u00bb custom_padding=\u00a0\u00bb|0px|||false|false\u00a0\u00bb header_2_font_size_last_edited=\u00a0\u00bboff|tablet\u00a0\u00bb custom_css_main_element=\u00a0\u00bbfont-size: clamp(30px, 2.2vw, 70px) !important;\u00a0\u00bb global_colors_info=\u00a0\u00bb{}\u00a0\u00bb]<\/p>\n<h2>ambassadeurs<\/h2>\n<p>[\/et_pb_text][et_pb_text admin_label=\u00a0\u00bbTop Destination Sub Title\u00a0\u00bb _builder_version=\u00a0\u00bb4.16&Prime; _module_preset=\u00a0\u00bbdefault\u00a0\u00bb custom_margin=\u00a0\u00bb30px||||false|false\u00a0\u00bb custom_css_main_element=\u00a0\u00bbfont-size: clamp(14px, 0.9vw, 20px) !important;\u00a0\u00bb locked=\u00a0\u00bboff\u00a0\u00bb global_colors_info=\u00a0\u00bb{}\u00a0\u00bb]<\/p>\n<p style=\"text-align: center;\">Nous sommes \u00e0 la recherche d\u2019ambassadeurs !<\/p>\n<p style=\"text-align: center;\"><em><strong>Un ambassadeur c\u2019est quoi ?<\/strong><\/em><\/p>\n<p style=\"text-align: center;\">C\u2019est une personne<span>\u00a0<\/span><span>locale ou de passage<\/span><span>\u00a0<\/span>qui nous raconte avec ses mots pourquoi elle aime tant un endroit en particulier, un quartier, un village, un monument\u2026<\/p>\n<p style=\"text-align: center;\">C\u2019est \u00e0 vous de jouer ! N\u2019h\u00e9sitez pas \u00e0 nous contacter par mail \u00e0 <a href=\"mailto:promotion.tourisme.stenaydun@gmail.com\">promotion@montsetvalleesdemeuse.com<\/a><\/p>\n<p style=\"text-align: center;\">ou par t\u00e9l\u00e9phone : 03 29 80 64 22<\/p>\n<p>[\/et_pb_text][\/et_pb_column][\/et_pb_row][\/et_pb_section][et_pb_section fb_built=\u00a0\u00bb1&Prime; admin_label=\u00a0\u00bbPopup &#8211; #brochures\u00a0\u00bb module_id=\u00a0\u00bbbrochures\u00a0\u00bb module_class=\u00a0\u00bbpopup\u00a0\u00bb _builder_version=\u00a0\u00bb4.22.1&Prime; _module_preset=\u00a0\u00bbdefault\u00a0\u00bb hover_enabled=\u00a0\u00bb0&Prime; da_is_popup=\u00a0\u00bbon\u00a0\u00bb da_popup_slug=\u00a0\u00bbbrochures\u00a0\u00bb da_disable_devices=\u00a0\u00bboff|off|off\u00a0\u00bb locked=\u00a0\u00bboff\u00a0\u00bb global_colors_info=\u00a0\u00bb{}\u00a0\u00bb sticky_enabled=\u00a0\u00bb0&Prime; da_exit_intent=\u00a0\u00bboff\u00a0\u00bb da_has_close=\u00a0\u00bbon\u00a0\u00bb da_alt_close=\u00a0\u00bboff\u00a0\u00bb da_dark_close=\u00a0\u00bboff\u00a0\u00bb da_not_modal=\u00a0\u00bbon\u00a0\u00bb da_is_singular=\u00a0\u00bboff\u00a0\u00bb da_with_loader=\u00a0\u00bboff\u00a0\u00bb da_has_shadow=\u00a0\u00bbon\u00a0\u00bb][et_pb_row _builder_version=\u00a0\u00bb4.16&Prime; _module_preset=\u00a0\u00bbdefault\u00a0\u00bb global_colors_info=\u00a0\u00bb{}\u00a0\u00bb][et_pb_column type=\u00a0\u00bb4_4&Prime; _builder_version=\u00a0\u00bb4.16&Prime; _module_preset=\u00a0\u00bbdefault\u00a0\u00bb global_colors_info=\u00a0\u00bb{}\u00a0\u00bb][et_pb_text admin_label=\u00a0\u00bbDiscover Beatuty Title\u00a0\u00bb _builder_version=\u00a0\u00bb4.22.1&Prime; header_2_text_align=\u00a0\u00bbcenter\u00a0\u00bb header_2_font_size=\u00a0\u00bb1em\u00a0\u00bb custom_padding=\u00a0\u00bb|0px|||false|false\u00a0\u00bb hover_enabled=\u00a0\u00bb0&Prime; header_2_font_size_last_edited=\u00a0\u00bboff|tablet\u00a0\u00bb custom_css_main_element=\u00a0\u00bbfont-size: clamp(30px, 2.2vw, 70px) !important;\u00a0\u00bb global_colors_info=\u00a0\u00bb{}\u00a0\u00bb sticky_enabled=\u00a0\u00bb0&Prime;]<\/p>\n<h2>BROCHURES<\/h2>\n<p>[\/et_pb_text][et_pb_text admin_label=\u00a0\u00bbTop Destination Sub Title\u00a0\u00bb _builder_version=\u00a0\u00bb4.22.1&Prime; _module_preset=\u00a0\u00bbdefault\u00a0\u00bb custom_margin=\u00a0\u00bb30px||||false|false\u00a0\u00bb hover_enabled=\u00a0\u00bb0&Prime; custom_css_main_element=\u00a0\u00bbfont-size: clamp(14px, 0.9vw, 20px) !important;\u00a0\u00bb locked=\u00a0\u00bboff\u00a0\u00bb global_colors_info=\u00a0\u00bb{}\u00a0\u00bb sticky_enabled=\u00a0\u00bb0&Prime;]<\/p>\n<p style=\"text-align: center;\">Vous organisez votre venue sur notre territoire ?<\/p>\n<p style=\"text-align: center;\">Voici quelques brochures disponibles en version num\u00e9rique. Pour tout demande d&rsquo;envoi postale, merci de nous contacter par mail ou par t\u00e9l\u00e9phone : <strong>03 29 80 64 22 \/ bonjour@montsetvalleesdemeuse.com<\/strong><\/p>\n<p>[\/et_pb_text][et_pb_code _builder_version=\u00a0\u00bb4.22.1&Prime; _module_preset=\u00a0\u00bbdefault\u00a0\u00bb hover_enabled=\u00a0\u00bb0&Prime; sticky_enabled=\u00a0\u00bb0&Prime;]<iframe loading=\"lazy\" src=\"\/\/v.calameo.com\/library\/?type=subscription&#038;id=7496778&#038;rows=1&#038;sortBy=latestPublished&#038;theme=wood&#038;bgColor=&#038;thumbSize=large&#038;showTitle=true&#038;showShadow=true&#038;showGloss=true&#038;showInfo=account&#038;linkTo=view&#038;linkTarget=_blank\" width=\"100%\" height=\"240\" frameborder=\"0\" allowfullscreen allowtransparency><\/iframe>[\/et_pb_code][\/et_pb_column][\/et_pb_row][\/et_pb_section]<\/p>\n","protected":false},"excerpt":{"rendered":"<p>ambassadeursNous sommes \u00e0 la recherche d\u2019ambassadeurs ! Un ambassadeur c\u2019est quoi ? C\u2019est une personne\u00a0locale ou de passage\u00a0qui nous raconte avec ses mots pourquoi elle aime tant un endroit en particulier, un quartier, un village, un monument\u2026 C\u2019est \u00e0 vous de jouer ! N\u2019h\u00e9sitez pas \u00e0 nous contacter par mail \u00e0 promotion@montsetvalleesdemeuse.com ou par t\u00e9l\u00e9phone [&hellip;]<\/p>\n","protected":false},"author":1,"featured_media":0,"parent":0,"menu_order":0,"comment_status":"closed","ping_status":"closed","template":"","meta":{"_et_pb_use_builder":"on","_et_pb_old_content":"","_et_gb_content_width":"","inline_featured_image":false,"footnotes":""},"class_list":["post-1056","page","type-page","status-publish","hentry"],"yoast_head":"<!-- This site is optimized with the Yoast SEO plugin v27.4 - https:\/\/yoast.com\/product\/yoast-seo-wordpress\/ -->\n<title>Professionnel &#8212; Office de tourisme des Monts et Vall\u00e9es de Meuse<\/title>\n<meta name=\"description\" content=\"Vous \u00eates professionnel ? Nous avons s\u00e9lectionn\u00e9 les informations pratiques pour organiser votre s\u00e9jour sur notre territoire.\" \/>\n<meta name=\"robots\" content=\"index, follow, max-snippet:-1, max-image-preview:large, max-video-preview:-1\" \/>\n<link rel=\"canonical\" href=\"https:\/\/montsetvalleesdemeuse.com\/en\/espace-professionnel\/\" \/>\n<meta property=\"og:locale\" content=\"en_GB\" \/>\n<meta property=\"og:type\" content=\"article\" \/>\n<meta property=\"og:title\" content=\"Professionnel &#8212; Office de tourisme des Monts et Vall\u00e9es de Meuse\" \/>\n<meta property=\"og:description\" content=\"Vous \u00eates professionnel ? Nous avons s\u00e9lectionn\u00e9 les informations pratiques pour organiser votre s\u00e9jour sur notre territoire.\" \/>\n<meta property=\"og:url\" content=\"https:\/\/montsetvalleesdemeuse.com\/en\/espace-professionnel\/\" \/>\n<meta property=\"og:site_name\" content=\"Monts et Vall\u00e9es de Meuse\" \/>\n<meta property=\"article:publisher\" content=\"https:\/\/www.facebook.com\/stenayvaldunoistourisme\" \/>\n<meta property=\"article:modified_time\" content=\"2023-08-26T13:44:27+00:00\" \/>\n<meta name=\"twitter:card\" content=\"summary_large_image\" \/>\n<meta name=\"twitter:label1\" content=\"Estimated reading time\" \/>\n\t<meta name=\"twitter:data1\" content=\"7 minutes\" \/>\n<script type=\"application\/ld+json\" class=\"yoast-schema-graph\">{\"@context\":\"https:\\\/\\\/schema.org\",\"@graph\":[{\"@type\":\"WebPage\",\"@id\":\"https:\\\/\\\/montsetvalleesdemeuse.com\\\/espace-professionnel\\\/\",\"url\":\"https:\\\/\\\/montsetvalleesdemeuse.com\\\/espace-professionnel\\\/\",\"name\":\"Professionnel &#8212; Office de tourisme des Monts et Vall\u00e9es de Meuse\",\"isPartOf\":{\"@id\":\"https:\\\/\\\/montsetvalleesdemeuse.com\\\/#website\"},\"datePublished\":\"2021-06-24T15:53:43+00:00\",\"dateModified\":\"2023-08-26T13:44:27+00:00\",\"description\":\"Vous \u00eates professionnel ? Nous avons s\u00e9lectionn\u00e9 les informations pratiques pour organiser votre s\u00e9jour sur notre territoire.\",\"breadcrumb\":{\"@id\":\"https:\\\/\\\/montsetvalleesdemeuse.com\\\/espace-professionnel\\\/#breadcrumb\"},\"inLanguage\":\"en-GB\",\"potentialAction\":[{\"@type\":\"ReadAction\",\"target\":[\"https:\\\/\\\/montsetvalleesdemeuse.com\\\/espace-professionnel\\\/\"]}]},{\"@type\":\"BreadcrumbList\",\"@id\":\"https:\\\/\\\/montsetvalleesdemeuse.com\\\/espace-professionnel\\\/#breadcrumb\",\"itemListElement\":[{\"@type\":\"ListItem\",\"position\":1,\"name\":\"Accueil\",\"item\":\"https:\\\/\\\/montsetvalleesdemeuse.com\\\/\"},{\"@type\":\"ListItem\",\"position\":2,\"name\":\"Espace pro\"}]},{\"@type\":\"WebSite\",\"@id\":\"https:\\\/\\\/montsetvalleesdemeuse.com\\\/#website\",\"url\":\"https:\\\/\\\/montsetvalleesdemeuse.com\\\/\",\"name\":\"Monts et Vall\u00e9es de Meuse\",\"description\":\"Authentique par nature\",\"publisher\":{\"@id\":\"https:\\\/\\\/montsetvalleesdemeuse.com\\\/#organization\"},\"potentialAction\":[{\"@type\":\"SearchAction\",\"target\":{\"@type\":\"EntryPoint\",\"urlTemplate\":\"https:\\\/\\\/montsetvalleesdemeuse.com\\\/?s={search_term_string}\"},\"query-input\":{\"@type\":\"PropertyValueSpecification\",\"valueRequired\":true,\"valueName\":\"search_term_string\"}}],\"inLanguage\":\"en-GB\"},{\"@type\":\"Organization\",\"@id\":\"https:\\\/\\\/montsetvalleesdemeuse.com\\\/#organization\",\"name\":\"Monts et Vall\u00e9es de Meuse\",\"url\":\"https:\\\/\\\/montsetvalleesdemeuse.com\\\/\",\"logo\":{\"@type\":\"ImageObject\",\"inLanguage\":\"en-GB\",\"@id\":\"https:\\\/\\\/montsetvalleesdemeuse.com\\\/#\\\/schema\\\/logo\\\/image\\\/\",\"url\":\"https:\\\/\\\/montsetvalleesdemeuse.com\\\/wp-content\\\/uploads\\\/2021\\\/06\\\/logo_header_2.png\",\"contentUrl\":\"https:\\\/\\\/montsetvalleesdemeuse.com\\\/wp-content\\\/uploads\\\/2021\\\/06\\\/logo_header_2.png\",\"width\":250,\"height\":49,\"caption\":\"Monts et Vall\u00e9es de Meuse\"},\"image\":{\"@id\":\"https:\\\/\\\/montsetvalleesdemeuse.com\\\/#\\\/schema\\\/logo\\\/image\\\/\"},\"sameAs\":[\"https:\\\/\\\/www.facebook.com\\\/stenayvaldunoistourisme\",\"https:\\\/\\\/www.instagram.com\\\/stenayvaldunoistourisme\\\/?hl=fr\",\"https:\\\/\\\/www.youtube.com\\\/channel\\\/UCbG3Y5KAmi9RViPfAd_lb0A\"]}]}<\/script>\n<!-- \/ Yoast SEO plugin. -->","yoast_head_json":{"title":"Professionnel &#8212; Office de tourisme des Monts et Vall\u00e9es de Meuse","description":"Vous \u00eates professionnel ? Nous avons s\u00e9lectionn\u00e9 les informations pratiques pour organiser votre s\u00e9jour sur notre territoire.","robots":{"index":"index","follow":"follow","max-snippet":"max-snippet:-1","max-image-preview":"max-image-preview:large","max-video-preview":"max-video-preview:-1"},"canonical":"https:\/\/montsetvalleesdemeuse.com\/en\/espace-professionnel\/","og_locale":"en_GB","og_type":"article","og_title":"Professionnel &#8212; Office de tourisme des Monts et Vall\u00e9es de Meuse","og_description":"Vous \u00eates professionnel ? Nous avons s\u00e9lectionn\u00e9 les informations pratiques pour organiser votre s\u00e9jour sur notre territoire.","og_url":"https:\/\/montsetvalleesdemeuse.com\/en\/espace-professionnel\/","og_site_name":"Monts et Vall\u00e9es de Meuse","article_publisher":"https:\/\/www.facebook.com\/stenayvaldunoistourisme","article_modified_time":"2023-08-26T13:44:27+00:00","twitter_card":"summary_large_image","twitter_misc":{"Estimated reading time":"7 minutes"},"schema":{"@context":"https:\/\/schema.org","@graph":[{"@type":"WebPage","@id":"https:\/\/montsetvalleesdemeuse.com\/espace-professionnel\/","url":"https:\/\/montsetvalleesdemeuse.com\/espace-professionnel\/","name":"Professionnel &#8212; Office de tourisme des Monts et Vall\u00e9es de Meuse","isPartOf":{"@id":"https:\/\/montsetvalleesdemeuse.com\/#website"},"datePublished":"2021-06-24T15:53:43+00:00","dateModified":"2023-08-26T13:44:27+00:00","description":"Vous \u00eates professionnel ? Nous avons s\u00e9lectionn\u00e9 les informations pratiques pour organiser votre s\u00e9jour sur notre territoire.","breadcrumb":{"@id":"https:\/\/montsetvalleesdemeuse.com\/espace-professionnel\/#breadcrumb"},"inLanguage":"en-GB","potentialAction":[{"@type":"ReadAction","target":["https:\/\/montsetvalleesdemeuse.com\/espace-professionnel\/"]}]},{"@type":"BreadcrumbList","@id":"https:\/\/montsetvalleesdemeuse.com\/espace-professionnel\/#breadcrumb","itemListElement":[{"@type":"ListItem","position":1,"name":"Accueil","item":"https:\/\/montsetvalleesdemeuse.com\/"},{"@type":"ListItem","position":2,"name":"Espace pro"}]},{"@type":"WebSite","@id":"https:\/\/montsetvalleesdemeuse.com\/#website","url":"https:\/\/montsetvalleesdemeuse.com\/","name":"Monts et Vall\u00e9es de Meuse","description":"Naturally authentic","publisher":{"@id":"https:\/\/montsetvalleesdemeuse.com\/#organization"},"potentialAction":[{"@type":"SearchAction","target":{"@type":"EntryPoint","urlTemplate":"https:\/\/montsetvalleesdemeuse.com\/?s={search_term_string}"},"query-input":{"@type":"PropertyValueSpecification","valueRequired":true,"valueName":"search_term_string"}}],"inLanguage":"en-GB"},{"@type":"Organization","@id":"https:\/\/montsetvalleesdemeuse.com\/#organization","name":"Monts et Vall\u00e9es de Meuse","url":"https:\/\/montsetvalleesdemeuse.com\/","logo":{"@type":"ImageObject","inLanguage":"en-GB","@id":"https:\/\/montsetvalleesdemeuse.com\/#\/schema\/logo\/image\/","url":"https:\/\/montsetvalleesdemeuse.com\/wp-content\/uploads\/2021\/06\/logo_header_2.png","contentUrl":"https:\/\/montsetvalleesdemeuse.com\/wp-content\/uploads\/2021\/06\/logo_header_2.png","width":250,"height":49,"caption":"Monts et Vall\u00e9es de Meuse"},"image":{"@id":"https:\/\/montsetvalleesdemeuse.com\/#\/schema\/logo\/image\/"},"sameAs":["https:\/\/www.facebook.com\/stenayvaldunoistourisme","https:\/\/www.instagram.com\/stenayvaldunoistourisme\/?hl=fr","https:\/\/www.youtube.com\/channel\/UCbG3Y5KAmi9RViPfAd_lb0A"]}]}},"jetpack_sharing_enabled":true,"_links":{"self":[{"href":"https:\/\/montsetvalleesdemeuse.com\/en\/wp-json\/wp\/v2\/pages\/1056","targetHints":{"allow":["GET"]}}],"collection":[{"href":"https:\/\/montsetvalleesdemeuse.com\/en\/wp-json\/wp\/v2\/pages"}],"about":[{"href":"https:\/\/montsetvalleesdemeuse.com\/en\/wp-json\/wp\/v2\/types\/page"}],"author":[{"embeddable":true,"href":"https:\/\/montsetvalleesdemeuse.com\/en\/wp-json\/wp\/v2\/users\/1"}],"replies":[{"embeddable":true,"href":"https:\/\/montsetvalleesdemeuse.com\/en\/wp-json\/wp\/v2\/comments?post=1056"}],"version-history":[{"count":0,"href":"https:\/\/montsetvalleesdemeuse.com\/en\/wp-json\/wp\/v2\/pages\/1056\/revisions"}],"wp:attachment":[{"href":"https:\/\/montsetvalleesdemeuse.com\/en\/wp-json\/wp\/v2\/media?parent=1056"}],"curies":[{"name":"wp","href":"https:\/\/api.w.org\/{rel}","templated":true}]}}